{"id":124,"date":"2025-02-05T22:12:37","date_gmt":"2025-02-05T21:12:37","guid":{"rendered":"https:\/\/golfdebethune.fr\/?page_id=124"},"modified":"2026-03-31T16:58:09","modified_gmt":"2026-03-31T14:58:09","slug":"ecole","status":"publish","type":"page","link":"https:\/\/golfdebethune.fr\/index.php\/ecole\/","title":{"rendered":"Ecole de Golf &#8211; EDG"},"content":{"rendered":"<div class=\"vce-row-container\" data-vce-boxed-width=\"true\"><div class=\"vce-row vce-row--col-gap-30 vce-row-equal-height vce-row-content--top\" id=\"el-9a36b7fd\" data-vce-do-apply=\"all el-9a36b7fd\"><div class=\"vce-content-background-container\"><\/div><div class=\"vce-row-content\" data-vce-element-content=\"true\"><div class=\"vce-col vce-col--md-auto vce-col--xs-1 vce-col--xs-last vce-col--xs-first vce-col--sm-last vce-col--sm-first vce-col--md-last vce-col--lg-last vce-col--xl-last vce-col--md-first vce-col--lg-first vce-col--xl-first\" id=\"el-eb78d708\"><div class=\"vce-col-inner\" data-vce-do-apply=\"border margin background  el-eb78d708\"><div class=\"vce-col-content\" data-vce-element-content=\"true\" data-vce-do-apply=\"padding el-eb78d708\"><div class=\"vce-text-block\"><div class=\"vce-text-block-wrapper vce\" id=\"el-bf4cd4e6\" data-vce-do-apply=\"all el-bf4cd4e6\"><h1>L'Ecole de Golf<\/h1>\n<p>\u26f3\ud83c\udf1f <strong>\u00c9cole de Golf du Golf de B\u00e9thune : apprendre en s\u2019amusant !<\/strong> \ud83c\udf1f\u26f3<\/p>\n<p>\ud83c\udfcc\ufe0f\u200d\u2640\ufe0f <strong>Enfants &amp; Juniors (7 \u00e0 18 ans)<\/strong> \ud83c\udfcc\ufe0f\u200d\u2642\ufe0f<br>Le <strong>Golf de B\u00e9thune<\/strong> accueille les jeunes golfeurs dans une ambiance <strong>ludique, conviviale et bienveillante<\/strong> \ud83e\udd17\ud83c\udf3f.<\/p>\n<p>Les \u00e9coles de golf sont de v\u00e9ritables tremplins pour accompagner les enfants vers les fairways \u26f3\u2728. Encadr\u00e9es par la FFGolf, notre Ecole de Golf s'est vue d\u00e9cern\u00e9e le label <strong>\u00ab D\u00e9veloppement \u00bb<\/strong>, gage de qualit\u00e9 et de s\u00e9rieux \ud83d\udc4d\ud83c\udfaf.<\/p>\n<p>\ud83d\udcc5 <strong>Horaires des cours :<\/strong><br>\ud83d\udfe2 Mercredi apr\u00e8s-midi : 15h \u00e0 16h30<br>\ud83d\udfe2 Samedi matin : 10h \u00e0 12h<\/p>\n<p>\ud83d\udc68\u200d\ud83c\udfeb Les s\u00e9ances sont encadr\u00e9es par un <strong>enseignant dipl\u00f4m\u00e9 d\u2019\u00c9tat<\/strong>, accompagn\u00e9 de b\u00e9n\u00e9voles, pour assurer un suivi personnalis\u00e9 et une progression adapt\u00e9e \u00e0 chacun \ud83d\udcaa\ud83d\ude0a.<\/p>\n<hr>\n<p>\ud83c\udfaf <strong>Une progression motivante et ludique<\/strong><br>Au golf, les jeunes \u00e9voluent gr\u00e2ce au syst\u00e8me des <a href=\"https:\/\/files.ffgolf.org\/xnet\/docs\/prod\/jeunes-scolaires-universitaires\/5241_GuideDrapeaux_Mars_2024.pdf\"><strong>drapeaux FFGolf<\/strong> <\/a>\ud83d\udea9 (comme les \u00e9toiles au ski \ud83c\udfbf ou les ceintures au judo \ud83e\udd4b).<br>\u27a1\ufe0f 8 niveaux \u00e0 franchir pour progresser pas \u00e0 pas !<\/p>\n<p>Ils apprennent notamment \u00e0 :<br>\u2714\ufe0f jouer en toute s\u00e9curit\u00e9 \ud83d\uded1<br>\u2714\ufe0f respecter l\u2019\u00e9tiquette \ud83e\udd1d<br>\u2714\ufe0f g\u00e9rer le rythme de jeu \u23f1\ufe0f<br>\u2714\ufe0f compter leurs coups \ud83d\udd22<\/p>\n<p>\u23f3 En moyenne, <strong>3 ans de pratique r\u00e9guli\u00e8re<\/strong> permettent de devenir autonome sur le parcours \ud83c\udfcc\ufe0f\u200d\u2642\ufe0f\ud83c\udf33.<\/p>\n<hr>\n<p>\ud83d\udca1 <strong>Pourquoi choisir le golf pour votre enfant ?<\/strong><br>Le golf est un sport complet qui d\u00e9veloppe :<br>\ud83c\udfc3\u200d\u2642\ufe0f la motricit\u00e9, la coordination et la concentration<br>\ud83e\udd1d le respect des r\u00e8gles et des autres<br>\ud83e\udde0 la ma\u00eetrise de soi et la gestion des \u00e9motions<br>\ud83d\udc6b l\u2019esprit d\u2019\u00e9quipe, m\u00eame dans un sport individuel<\/p>\n<p>\ud83c\udf3f C\u2019est aussi une activit\u00e9 de plein air id\u00e9ale pour la sant\u00e9, <strong>sans contact et avec peu de risques de blessure<\/strong>.<\/p>\n<hr>\n<p>\ud83c\udf92 <strong>Accessible \u00e0 tous !<\/strong><br>Le mat\u00e9riel peut \u00eatre pr\u00eat\u00e9 au d\u00e9but, et l\u2019apprentissage se fait progressivement, toujours dans le plaisir et le jeu \ud83d\ude04\u26f3<\/p>\n<hr>\n<p>\ud83d\udcb6 <strong>Tarif 2025-2026 : 270 \u20ac<\/strong><br>\ud83d\udccc Licence obligatoire : 22 \u00e0 31 \u20ac selon l\u2019\u00e2ge<\/p>\n<p>\ud83d\udc49 <strong>Offrez \u00e0 votre enfant la chance de d\u00e9couvrir un sport passionnant, \u00e9ducatif et convivial !<\/strong> \ud83c\udf1f\ud83c\udfcc\ufe0f\u200d\u2640\ufe0f<\/p><\/div><\/div><div class=\"vce vce-separator-container vce-separator--align-center vce-separator--style-solid\" id=\"el-42b8e32b\" data-vce-do-apply=\"margin el-42b8e32b\"><div class=\"vce-separator vce-separator--color-bfc0c1 vce-separator--width-60 vce-separator--thickness-1\" data-vce-do-apply=\"border padding background  el-42b8e32b\"><\/div><\/div><div class=\"vce-single-image-container vce-single-image--align-center\"><div class=\"vce vce-single-image-wrapper\" id=\"el-66ff94e5\" data-vce-do-apply=\"all el-66ff94e5\"><figure><div class=\"vce-single-image-figure-inner\" style=\"width: 300px;\"><div class=\"vce-single-image-inner vce-single-image--absolute vce-single-image--border-rounded\" style=\"width: 100%; padding-bottom: 75%;\"><img loading=\"lazy\" decoding=\"async\" class=\"vce-single-image\"  width=\"300\" height=\"225\" srcset=\"https:\/\/golfdebethune.fr\/wp-content\/uploads\/2025\/07\/IMG_2420-300x225.jpg 300w, https:\/\/golfdebethune.fr\/wp-content\/uploads\/2025\/07\/IMG_2420-600x600.jpg 2x, https:\/\/golfdebethune.fr\/wp-content\/uploads\/2025\/07\/IMG_2420-800x600.jpg 800w, https:\/\/golfdebethune.fr\/wp-content\/uploads\/2025\/07\/IMG_2420-320x240.jpg 320w, https:\/\/golfdebethune.fr\/wp-content\/uploads\/2025\/07\/IMG_2420-480x360.jpg 480w\" src=\"https:\/\/golfdebethune.fr\/wp-content\/uploads\/2025\/07\/IMG_2420-300x225.jpg\" data-img-src=\"https:\/\/golfdebethune.fr\/wp-content\/uploads\/2025\/07\/IMG_2420-scaled-e1753874419967.jpg\" data-attachment-id=\"517\"  alt=\"\" title=\"IMG_2420\" \/><\/div><\/div><figcaption hidden=\"\"><\/figcaption><\/figure><\/div><\/div><div class=\"vce-single-image-container vce-single-image--align-center\"><div class=\"vce vce-single-image-wrapper\" id=\"el-a7b253d8\" data-vce-do-apply=\"all el-a7b253d8\"><figure><div class=\"vce-single-image-figure-inner\" style=\"width: 300px;\"><div class=\"vce-single-image-inner vce-single-image--absolute vce-single-image--border-rounded\" style=\"width: 100%; padding-bottom: 75%;\"><img loading=\"lazy\" decoding=\"async\" class=\"vce-single-image\"  width=\"300\" height=\"225\" srcset=\"https:\/\/golfdebethune.fr\/wp-content\/uploads\/2025\/07\/IMG_2434-300x225.jpg 300w, https:\/\/golfdebethune.fr\/wp-content\/uploads\/2025\/07\/IMG_2434-600x600.jpg 2x, https:\/\/golfdebethune.fr\/wp-content\/uploads\/2025\/07\/IMG_2434-800x600.jpg 800w, https:\/\/golfdebethune.fr\/wp-content\/uploads\/2025\/07\/IMG_2434-320x240.jpg 320w, https:\/\/golfdebethune.fr\/wp-content\/uploads\/2025\/07\/IMG_2434-480x360.jpg 480w\" src=\"https:\/\/golfdebethune.fr\/wp-content\/uploads\/2025\/07\/IMG_2434-300x225.jpg\" data-img-src=\"https:\/\/golfdebethune.fr\/wp-content\/uploads\/2025\/07\/IMG_2434-scaled-e1753874597538.jpg\" data-attachment-id=\"522\"  alt=\"\" title=\"IMG_2434\" \/><\/div><\/div><figcaption hidden=\"\"><\/figcaption><\/figure><\/div><\/div><div class=\"vce-single-image-container vce-single-image--align-center\"><div class=\"vce vce-single-image-wrapper\" id=\"el-efdeef15\" data-vce-do-apply=\"all el-efdeef15\"><figure><div class=\"vce-single-image-figure-inner\" style=\"width: 300px;\"><div class=\"vce-single-image-inner vce-single-image--absolute vce-single-image--border-rounded\" style=\"width: 100%; padding-bottom: 75%;\"><img loading=\"lazy\" decoding=\"async\" class=\"vce-single-image\"  width=\"300\" height=\"225\" srcset=\"https:\/\/golfdebethune.fr\/wp-content\/uploads\/2025\/07\/IMG_2430-300x225.jpg 300w, https:\/\/golfdebethune.fr\/wp-content\/uploads\/2025\/07\/IMG_2430-600x600.jpg 2x, https:\/\/golfdebethune.fr\/wp-content\/uploads\/2025\/07\/IMG_2430-800x600.jpg 800w, https:\/\/golfdebethune.fr\/wp-content\/uploads\/2025\/07\/IMG_2430-320x240.jpg 320w, https:\/\/golfdebethune.fr\/wp-content\/uploads\/2025\/07\/IMG_2430-480x360.jpg 480w\" src=\"https:\/\/golfdebethune.fr\/wp-content\/uploads\/2025\/07\/IMG_2430-300x225.jpg\" data-img-src=\"https:\/\/golfdebethune.fr\/wp-content\/uploads\/2025\/07\/IMG_2430-scaled-e1753874846473.jpg\" data-attachment-id=\"520\"  alt=\"\" title=\"IMG_2430\" \/><\/div><\/div><figcaption hidden=\"\"><\/figcaption><\/figure><\/div><\/div><div class=\"vce-button--style-basic-container vce-button--style-basic-container--align-left\"><span class=\"vce-button--style-basic-wrapper vce\" id=\"el-068d7a60\" data-vce-do-apply=\"margin el-068d7a60\"><a class=\"vce-button vce-button--style-basic vce-button--style-basic--border-round vce-button--style-basic--size-medium vce-button--style-basic--color-b-167-132-97--fff\" href=\"https:\/\/golfdebethune.fr\/wp-content\/uploads\/2025\/09\/EDG-Inscription-2025-2026.pdf\" title=\"\" target=\"_blank\" data-vce-do-apply=\"padding border background  el-068d7a60\">Bulletin d'inscription Ecole de Golf<\/a><\/span><\/div><div class=\"vce-button--style-basic-container vce-button--style-basic-container--align-left\"><span class=\"vce-button--style-basic-wrapper vce\" id=\"el-011f492a\" data-vce-do-apply=\"margin el-011f492a\"><a class=\"vce-button vce-button--style-basic vce-button--style-basic--border-round vce-button--style-basic--size-medium vce-button--style-basic--color-b-167-132-97--fff\" href=\"https:\/\/golfdebethune.fr\/wp-content\/uploads\/2025\/09\/Charte-EDG-2025-2026.pdf\" title=\"\" target=\"_blank\" data-vce-do-apply=\"padding border background  el-011f492a\">Charte Ecole de Golf<\/a><\/span><\/div><div class=\"vce-button--style-basic-container vce-button--style-basic-container--align-left\"><span class=\"vce-button--style-basic-wrapper vce\" id=\"el-10cc3da9\" data-vce-do-apply=\"margin el-10cc3da9\"><a class=\"vce-button vce-button--style-basic vce-button--style-basic--border-round vce-button--style-basic--size-medium vce-button--style-basic--color-b-167-132-97--fff\" href=\"https:\/\/golfdebethune.fr\/wp-content\/uploads\/2025\/09\/Questionnaire-de-sante-2025-2026.pdf\" title=\"\" target=\"_blank\" data-vce-do-apply=\"padding border background  el-10cc3da9\">Questionnaire de Sant\u00e9<\/a><\/span><\/div><\/div><\/div><\/div><\/div><\/div><\/div><div class=\"vce-row-container\" data-vce-boxed-width=\"true\"><div class=\"vce-row vce-row--col-gap-30 vce-row-equal-height vce-row-content--top\" id=\"el-2ec8b93f\" data-vce-do-apply=\"all el-2ec8b93f\"><div class=\"vce-row-content\" data-vce-element-content=\"true\"><div class=\"vce-col vce-col--md-auto vce-col--xs-1 vce-col--xs-last vce-col--xs-first vce-col--sm-last vce-col--sm-first vce-col--md-first vce-col--lg-first vce-col--xl-first\" id=\"el-a82a9abe\"><div class=\"vce-col-inner\" data-vce-do-apply=\"border margin background  el-a82a9abe\"><div class=\"vce-col-content\" data-vce-element-content=\"true\" data-vce-do-apply=\"padding el-a82a9abe\"><div class=\"vce-single-image-container vce-single-image--align-left\"><div class=\"vce vce-single-image-wrapper\" id=\"el-0cced887\" data-vce-do-apply=\"all el-0cced887\"><figure><div class=\"vce-single-image-figure-inner\" style=\"width: 682px;\"><div class=\"vce-single-image-inner vce-single-image--absolute\" style=\"width: 100%; padding-bottom: 150.147%;\"><img loading=\"lazy\" decoding=\"async\" class=\"vce-single-image\"  width=\"682\" height=\"1024\" srcset=\"https:\/\/golfdebethune.fr\/wp-content\/uploads\/2026\/02\/Challenge-EDG-2026-800x1200.png 800w, https:\/\/golfdebethune.fr\/wp-content\/uploads\/2026\/02\/Challenge-EDG-2026-320x480.png 320w, https:\/\/golfdebethune.fr\/wp-content\/uploads\/2026\/02\/Challenge-EDG-2026-480x720.png 480w, https:\/\/golfdebethune.fr\/wp-content\/uploads\/2026\/03\/Challenge-EDG-2026-682x1024.png 682w\" src=\"https:\/\/golfdebethune.fr\/wp-content\/uploads\/2026\/03\/Challenge-EDG-2026-682x1024.png\" data-img-src=\"https:\/\/golfdebethune.fr\/wp-content\/uploads\/2026\/02\/Challenge-EDG-2026.png\" data-attachment-id=\"825\"  alt=\"\" title=\"Challenge EDG 2026\" \/><\/div><\/div><figcaption hidden=\"\"><\/figcaption><\/figure><\/div><\/div><\/div><\/div><\/div><div class=\"vce-col vce-col--md-auto vce-col--xs-1 vce-col--xs-last vce-col--xs-first vce-col--sm-last vce-col--sm-first vce-col--md-last vce-col--lg-last vce-col--xl-last\" id=\"el-8b98d752\"><div class=\"vce-col-inner\" data-vce-do-apply=\"border margin background  el-8b98d752\"><div class=\"vce-col-content\" data-vce-element-content=\"true\" data-vce-do-apply=\"padding el-8b98d752\"><div class=\"vce-single-image-container vce-single-image--align-left\"><div class=\"vce vce-single-image-wrapper\" id=\"el-f4a2e4ba\" data-vce-do-apply=\"all el-f4a2e4ba\"><figure><div class=\"vce-single-image-figure-inner\" style=\"width: 723px;\"><div class=\"vce-single-image-inner vce-single-image--absolute\" style=\"width: 100%; padding-bottom: 141.632%;\"><img loading=\"lazy\" decoding=\"async\" class=\"vce-single-image\"  width=\"723\" height=\"1024\" srcset=\"https:\/\/golfdebethune.fr\/wp-content\/uploads\/2026\/02\/Affiche-CT-PDC_SOMME-800x1132.png 800w, https:\/\/golfdebethune.fr\/wp-content\/uploads\/2026\/02\/Affiche-CT-PDC_SOMME-320x453.png 320w, https:\/\/golfdebethune.fr\/wp-content\/uploads\/2026\/02\/Affiche-CT-PDC_SOMME-480x679.png 480w, https:\/\/golfdebethune.fr\/wp-content\/uploads\/2026\/03\/Affiche-CT-PDC_SOMME-723x1024.png 723w, https:\/\/golfdebethune.fr\/wp-content\/uploads\/2026\/03\/Affiche-CT-PDC_SOMME-1446x2048.png 2x\" src=\"https:\/\/golfdebethune.fr\/wp-content\/uploads\/2026\/03\/Affiche-CT-PDC_SOMME-723x1024.png\" data-img-src=\"https:\/\/golfdebethune.fr\/wp-content\/uploads\/2026\/02\/Affiche-CT-PDC_SOMME.png\" data-attachment-id=\"823\"  alt=\"\" title=\"Affiche CT PDC_SOMME\" \/><\/div><\/div><figcaption hidden=\"\"><\/figcaption><\/figure><\/div><\/div><\/div><\/div><\/div><\/div><\/div><\/div><div class=\"vce-row-container\" data-vce-boxed-width=\"true\"><div class=\"vce-row vce-row--col-gap-30 vce-row-equal-height vce-row-content--top\" id=\"el-02ece33f\" data-vce-do-apply=\"all el-02ece33f\"><div class=\"vce-row-content\" data-vce-element-content=\"true\"><div class=\"vce-col vce-col--md-auto vce-col--xs-1 vce-col--xs-last vce-col--xs-first vce-col--sm-last vce-col--sm-first vce-col--md-first vce-col--lg-first vce-col--xl-first\" id=\"el-330d996c\"><div class=\"vce-col-inner\" data-vce-do-apply=\"border margin background  el-330d996c\"><div class=\"vce-col-content\" data-vce-element-content=\"true\" data-vce-do-apply=\"padding el-330d996c\"><div class=\"vce-single-image-container vce-single-image--align-left\"><div class=\"vce vce-single-image-wrapper\" id=\"el-bcb0eb46\" data-vce-do-apply=\"all el-bcb0eb46\"><figure><div class=\"vce-single-image-figure-inner\" style=\"width: 723px;\"><div class=\"vce-single-image-inner vce-single-image--absolute\" style=\"width: 100%; padding-bottom: 141.632%;\"><img loading=\"lazy\" decoding=\"async\" class=\"vce-single-image\"  width=\"723\" height=\"1024\" srcset=\"https:\/\/golfdebethune.fr\/wp-content\/uploads\/2026\/03\/Affiche-Juniors-tour-paques-2026-800x1132.png 800w, https:\/\/golfdebethune.fr\/wp-content\/uploads\/2026\/03\/Affiche-Juniors-tour-paques-2026-320x453.png 320w, https:\/\/golfdebethune.fr\/wp-content\/uploads\/2026\/03\/Affiche-Juniors-tour-paques-2026-480x679.png 480w, https:\/\/golfdebethune.fr\/wp-content\/uploads\/2026\/03\/Affiche-Juniors-tour-paques-2026-723x1024.png 723w\" src=\"https:\/\/golfdebethune.fr\/wp-content\/uploads\/2026\/03\/Affiche-Juniors-tour-paques-2026-723x1024.png\" data-img-src=\"https:\/\/golfdebethune.fr\/wp-content\/uploads\/2026\/03\/Affiche-Juniors-tour-paques-2026.png\" data-attachment-id=\"906\"  alt=\"\" title=\"Affiche Juniors tour p\u00e2ques 2026\" \/><\/div><\/div><figcaption hidden=\"\"><\/figcaption><\/figure><\/div><\/div><div class=\"vce-single-image-container vce-single-image--align-left\"><div class=\"vce vce-single-image-wrapper\" id=\"el-c3595357\" data-vce-do-apply=\"all el-c3595357\"><figure><div class=\"vce-single-image-figure-inner\" style=\"width: 1024px;\"><div class=\"vce-single-image-inner vce-single-image--absolute\" style=\"width: 100%; padding-bottom: 56.7383%;\"><img loading=\"lazy\" decoding=\"async\" class=\"vce-single-image\"  width=\"1024\" height=\"581\" srcset=\"https:\/\/golfdebethune.fr\/wp-content\/uploads\/2026\/03\/Juniors-Tour-Paques-2026-1024x582.png 1024w, https:\/\/golfdebethune.fr\/wp-content\/uploads\/2026\/03\/Juniors-Tour-Paques-2026-800x454.png 800w, https:\/\/golfdebethune.fr\/wp-content\/uploads\/2026\/03\/Juniors-Tour-Paques-2026-320x182.png 320w, https:\/\/golfdebethune.fr\/wp-content\/uploads\/2026\/03\/Juniors-Tour-Paques-2026-480x273.png 480w\" src=\"https:\/\/golfdebethune.fr\/wp-content\/uploads\/2026\/03\/Juniors-Tour-Paques-2026-1024x582.png\" data-img-src=\"https:\/\/golfdebethune.fr\/wp-content\/uploads\/2026\/03\/Juniors-Tour-Paques-2026.png\" data-attachment-id=\"907\"  alt=\"\" title=\"Juniors Tour P\u00e2ques 2026\" \/><\/div><\/div><figcaption hidden=\"\"><\/figcaption><\/figure><\/div><\/div><\/div><\/div><\/div><div class=\"vce-col vce-col--md-auto vce-col--xs-1 vce-col--xs-last vce-col--xs-first vce-col--sm-last vce-col--sm-first vce-col--md-last vce-col--lg-last vce-col--xl-last\" id=\"el-f6bf50c6\"><div class=\"vce-col-inner\" data-vce-do-apply=\"border margin background  el-f6bf50c6\"><div class=\"vce-col-content\" data-vce-element-content=\"true\" data-vce-do-apply=\"padding el-f6bf50c6\"><div class=\"vcv-row-control-wrapper\"><\/div><\/div><\/div><\/div><\/div><\/div><\/div>","protected":false},"excerpt":{"rendered":"<p>L&rsquo;Ecole de Golf \u26f3\ud83c\udf1f \u00c9cole de Golf du Golf de B\u00e9thune : apprendre en s\u2019amusant ! \ud83c\udf1f\u26f3 \ud83c\udfcc\ufe0f\u200d\u2640\ufe0f Enfants &amp; Juniors (7 \u00e0 18 ans) \ud83c\udfcc\ufe0f\u200d\u2642\ufe0fLe Golf de B\u00e9thune accueille les jeunes golfeurs dans une ambiance ludique, conviviale et bienveillante \ud83e\udd17\ud83c\udf3f. Les \u00e9coles de golf sont de v\u00e9ritables tremplins pour accompagner les enfants vers les [&hellip;]<\/p>\n","protected":false},"author":1,"featured_media":0,"parent":0,"menu_order":0,"comment_status":"closed","ping_status":"closed","template":"","meta":{"ocean_post_layout":"","ocean_both_sidebars_style":"","ocean_both_sidebars_content_width":0,"ocean_both_sidebars_sidebars_width":0,"ocean_sidebar":"","ocean_second_sidebar":"","ocean_disable_margins":"enable","ocean_add_body_class":"","ocean_shortcode_before_top_bar":"","ocean_shortcode_after_top_bar":"","ocean_shortcode_before_header":"","ocean_shortcode_after_header":"","ocean_has_shortcode":"","ocean_shortcode_after_title":"","ocean_shortcode_before_footer_widgets":"","ocean_shortcode_after_footer_widgets":"","ocean_shortcode_before_footer_bottom":"","ocean_shortcode_after_footer_bottom":"","ocean_display_top_bar":"default","ocean_display_header":"default","ocean_header_style":"","ocean_center_header_left_menu":"","ocean_custom_header_template":"","ocean_custom_logo":0,"ocean_custom_retina_logo":0,"ocean_custom_logo_max_width":0,"ocean_custom_logo_tablet_max_width":0,"ocean_custom_logo_mobile_max_width":0,"ocean_custom_logo_max_height":0,"ocean_custom_logo_tablet_max_height":0,"ocean_custom_logo_mobile_max_height":0,"ocean_header_custom_menu":"","ocean_menu_typo_font_family":"","ocean_menu_typo_font_subset":"","ocean_menu_typo_font_size":0,"ocean_menu_typo_font_size_tablet":0,"ocean_menu_typo_font_size_mobile":0,"ocean_menu_typo_font_size_unit":"px","ocean_menu_typo_font_weight":"","ocean_menu_typo_font_weight_tablet":"","ocean_menu_typo_font_weight_mobile":"","ocean_menu_typo_transform":"","ocean_menu_typo_transform_tablet":"","ocean_menu_typo_transform_mobile":"","ocean_menu_typo_line_height":0,"ocean_menu_typo_line_height_tablet":0,"ocean_menu_typo_line_height_mobile":0,"ocean_menu_typo_line_height_unit":"","ocean_menu_typo_spacing":0,"ocean_menu_typo_spacing_tablet":0,"ocean_menu_typo_spacing_mobile":0,"ocean_menu_typo_spacing_unit":"","ocean_menu_link_color":"","ocean_menu_link_color_hover":"","ocean_menu_link_color_active":"","ocean_menu_link_background":"","ocean_menu_link_hover_background":"","ocean_menu_link_active_background":"","ocean_menu_social_links_bg":"","ocean_menu_social_hover_links_bg":"","ocean_menu_social_links_color":"","ocean_menu_social_hover_links_color":"","ocean_disable_title":"default","ocean_disable_heading":"default","ocean_post_title":"","ocean_post_subheading":"","ocean_post_title_style":"","ocean_post_title_background_color":"","ocean_post_title_background":0,"ocean_post_title_bg_image_position":"","ocean_post_title_bg_image_attachment":"","ocean_post_title_bg_image_repeat":"","ocean_post_title_bg_image_size":"","ocean_post_title_height":0,"ocean_post_title_bg_overlay":0.5,"ocean_post_title_bg_overlay_color":"","ocean_disable_breadcrumbs":"default","ocean_breadcrumbs_color":"","ocean_breadcrumbs_separator_color":"","ocean_breadcrumbs_links_color":"","ocean_breadcrumbs_links_hover_color":"","ocean_display_footer_widgets":"default","ocean_display_footer_bottom":"default","ocean_custom_footer_template":"","footnotes":""},"class_list":["post-124","page","type-page","status-publish","hentry","entry"],"_links":{"self":[{"href":"https:\/\/golfdebethune.fr\/index.php\/wp-json\/wp\/v2\/pages\/124","targetHints":{"allow":["GET"]}}],"collection":[{"href":"https:\/\/golfdebethune.fr\/index.php\/wp-json\/wp\/v2\/pages"}],"about":[{"href":"https:\/\/golfdebethune.fr\/index.php\/wp-json\/wp\/v2\/types\/page"}],"author":[{"embeddable":true,"href":"https:\/\/golfdebethune.fr\/index.php\/wp-json\/wp\/v2\/users\/1"}],"replies":[{"embeddable":true,"href":"https:\/\/golfdebethune.fr\/index.php\/wp-json\/wp\/v2\/comments?post=124"}],"version-history":[{"count":23,"href":"https:\/\/golfdebethune.fr\/index.php\/wp-json\/wp\/v2\/pages\/124\/revisions"}],"predecessor-version":[{"id":909,"href":"https:\/\/golfdebethune.fr\/index.php\/wp-json\/wp\/v2\/pages\/124\/revisions\/909"}],"wp:attachment":[{"href":"https:\/\/golfdebethune.fr\/index.php\/wp-json\/wp\/v2\/media?parent=124"}],"curies":[{"name":"wp","href":"https:\/\/api.w.org\/{rel}","templated":true}]}}