{"id":185,"date":"2025-02-09T12:49:56","date_gmt":"2025-02-09T11:49:56","guid":{"rendered":"https:\/\/golfdebethune.fr\/?page_id=185"},"modified":"2025-07-30T13:41:06","modified_gmt":"2025-07-30T11:41:06","slug":"reglement","status":"publish","type":"page","link":"https:\/\/golfdebethune.fr\/index.php\/reglement\/","title":{"rendered":"R\u00e8glement"},"content":{"rendered":"<div class=\"vce-row-container\" data-vce-boxed-width=\"true\"><div class=\"vce-row vce-row--col-gap-30 vce-row-equal-height vce-row-content--top\" id=\"el-728334aa\" data-vce-do-apply=\"all el-728334aa\"><div class=\"vce-content-background-container\"><\/div><div class=\"vce-row-content\" data-vce-element-content=\"true\"><div class=\"vce-col vce-col--md-85p vce-col--xs-1 vce-col--xs-last vce-col--xs-first vce-col--sm-last vce-col--sm-first vce-col--md-last vce-col--lg-last vce-col--xl-last vce-col--md-first vce-col--lg-first vce-col--xl-first\" id=\"el-ea6dc5f5\"><div class=\"vce-col-inner\" data-vce-do-apply=\"border margin background  el-ea6dc5f5\"><div class=\"vce-col-content\" data-vce-element-content=\"true\" data-vce-do-apply=\"padding el-ea6dc5f5\"><div class=\"vce-text-block\"><div class=\"vce-text-block-wrapper vce\" id=\"el-c940b9c3\" data-vce-do-apply=\"all el-c940b9c3\"><h1 style=\"text-align: center;\">REGLEMENT<\/h1>\n<p>&nbsp;<\/p>\n<h4 style=\"line-height: inherit;\">Par mesure de s\u00e9curit\u00e9, tout joueur doit obligatoirement se pr\u00e9senter au club-house avant de se rendre au practice ou sur le parcours<\/h4>\n<h2>R\u00e8gle locale<\/h2>\n<p>Au d\u00e9part du Trou n\u00b01, vous devez obligatoirement attendre que les joueurs vous pr\u00e9c\u00e9dant quittent le d\u00e9part du Trou n\u00b02 avant de jouer votre coup<\/p>\n<h2>Putting green<\/h2>\n<ul>\n<li>Balle de practice interdite<\/li>\n<li>Approche lobb\u00e9e interdite<\/li>\n<\/ul>\n<h2>Practice<\/h2>\n<ul>\n<li>Practice de 200 m, il est de votre responsabilit\u00e9 de contr\u00f4ler vos distances si vous avez le potentiel de d\u00e9passer le filet et le green du trou n\u00b02<\/li>\n<li>Jeu interdit sur le gazon<\/li>\n<li>Interdiction de ramasser les balles sur le practice<\/li>\n<li>Jeu interdit lors du ramassage de balles<\/li>\n<li>Mod\u00e9rer votre jeu lors de la visite de nos scolaires<\/li>\n<\/ul>\n<h2>Parcours<\/h2>\n<ul>\n<li>Licence obligatoire<\/li>\n<li>Seules les r\u00e8gles \u00e9dit\u00e9es par la FFG sont valables sur le terrain<\/li>\n<li>Joueurs, visiteurs veuillez r\u00e9gler votre green fee avant de prendre le d\u00e9part<\/li>\n<li>Balle de practice interdite<\/li>\n<li>Sur le d\u00e9part toujours se placer devant le joueur \u00e0 l'adresse<\/li>\n<li>Dans la mesure du possible, partie de 4 joueurs maximum<\/li>\n<li>Priorit\u00e9 aux joueurs jouant sur le parcours en int\u00e9gralit\u00e9<\/li>\n<li>Chariots interdits sur les d\u00e9parts<\/li>\n<li>Toujours attendre que les joueurs vous pr\u00e9c\u00e9dant soient hors de port\u00e9e<\/li>\n<\/ul>\n<h2>L'\u00e9tiquette<\/h2>\n<p>L'\u00e9tiquette, c'est le respect des autres et de l'environnement<\/p>\n<ul>\n<li>Ratissez vos traces dans les bunkers<\/li>\n<li>Respecter le silence sur le parcours<\/li>\n<li>R\u00e9parer vos marques de balles sur les greens<\/li>\n<li>Garder vos distances entre les parties<\/li>\n<li>Replacez vos divots de gazon<\/li>\n<\/ul><\/div><\/div><div class=\"vce-button--style-basic-container vce-button--style-basic-container--align-left\"><span class=\"vce-button--style-basic-wrapper vce\" id=\"el-5e6c74d8\" data-vce-do-apply=\"margin el-5e6c74d8\"><a class=\"vce-button vce-button--style-basic vce-button--style-basic--border-round vce-button--style-basic--size-medium vce-button--style-basic--color-b-167-132-97--fff\" href=\"https:\/\/golfdebethune.fr\/wp-content\/uploads\/2025\/02\/regle.23b5028b.pdf\" title=\"\" target=\"_blank\" data-vce-do-apply=\"padding border background  el-5e6c74d8\">T\u00e9l\u00e9charger les r\u00e8gles<\/a><\/span><\/div><div class=\"vce vce-separator-container vce-separator--align-center vce-separator--style-shadow\" id=\"el-e30de4f8\" data-vce-do-apply=\"margin el-e30de4f8\"><div class=\"vce-separator vce-separator--color-b-85-85-85 vce-separator--width-60 vce-separator--thickness-3\" data-vce-do-apply=\"border padding background  el-e30de4f8\"><div class=\"vce-separator-shadow vce-separator-shadow-left\"><\/div><div class=\"vce-separator-shadow vce-separator-shadow-right\"><\/div><\/div><\/div><\/div><\/div><\/div><\/div><\/div><\/div><div class=\"vce-row-container\" data-vce-boxed-width=\"true\"><div class=\"vce-row vce-element--has-background vce-row--col-gap-30 vce-row-equal-height vce-row-content--top\" id=\"el-23b6833d\" data-vce-do-apply=\"all el-23b6833d\"><div class=\"vce-content-background-container\"><\/div><div class=\"vce-row-content\" data-vce-element-content=\"true\"><div class=\"vce-col vce-col--md-auto vce-col--xs-1 vce-col--xs-last vce-col--xs-first vce-col--sm-last vce-col--sm-first vce-col--md-last vce-col--lg-last vce-col--xl-last vce-col--md-first vce-col--lg-first vce-col--xl-first\" id=\"el-4ca05411\"><div class=\"vce-col-inner\" data-vce-do-apply=\"border margin background  el-4ca05411\"><div class=\"vce-col-content\" data-vce-element-content=\"true\" data-vce-do-apply=\"padding el-4ca05411\"><div class=\"vce-text-block\"><div class=\"vce-text-block-wrapper vce\" id=\"el-fddd3c59\" data-vce-do-apply=\"all el-fddd3c59\"><h2 style=\"text-align: center;\"><span style=\"color: #333333;\">En r\u00e9sum\u00e9 et en images<\/span><\/h2><\/div><\/div><div class=\"vce-image-gallery vce-image-gallery--gap-10 vce-image-gallery--columns-4 vce-image-gallery--border-rounded\"><div class=\"vce-image-gallery-wrapper vce\" id=\"el-fbf5c4f6\" data-vce-do-apply=\"all el-fbf5c4f6\"><div class=\"vce-image-gallery-list\"><div class=\"vce-image-gallery-item\"><figure class=\"vce-image-gallery-item-inner-wrapper\"><a href=\"https:\/\/golfdebethune.fr\/wp-content\/uploads\/2025\/07\/1-e1753711155450.png\" data-lightbox=\"lightbox-fbf5c4f6\" class=\"vce-image-gallery-item-inner\"><img decoding=\"async\" class=\"vce-image-gallery-img\" src=\"https:\/\/golfdebethune.fr\/wp-content\/uploads\/2025\/07\/1-1024x1024.png\" alt=\"\" title=\"1\"><\/a><\/figure><\/div><div class=\"vce-image-gallery-item\"><figure class=\"vce-image-gallery-item-inner-wrapper\"><a href=\"https:\/\/golfdebethune.fr\/wp-content\/uploads\/2025\/07\/2-e1753711547965.png\" data-lightbox=\"lightbox-fbf5c4f6\" class=\"vce-image-gallery-item-inner\"><img decoding=\"async\" class=\"vce-image-gallery-img\" src=\"https:\/\/golfdebethune.fr\/wp-content\/uploads\/2025\/07\/2-1024x1024.png\" alt=\"\" title=\"2\"><\/a><\/figure><\/div><div class=\"vce-image-gallery-item\"><figure class=\"vce-image-gallery-item-inner-wrapper\"><a href=\"https:\/\/golfdebethune.fr\/wp-content\/uploads\/2025\/07\/3-e1753711535987.png\" data-lightbox=\"lightbox-fbf5c4f6\" class=\"vce-image-gallery-item-inner\"><img decoding=\"async\" class=\"vce-image-gallery-img\" src=\"https:\/\/golfdebethune.fr\/wp-content\/uploads\/2025\/07\/3-1024x1024.png\" alt=\"\" title=\"3\"><\/a><\/figure><\/div><div class=\"vce-image-gallery-item\"><figure class=\"vce-image-gallery-item-inner-wrapper\"><a href=\"https:\/\/golfdebethune.fr\/wp-content\/uploads\/2025\/07\/4-e1753711510906.png\" data-lightbox=\"lightbox-fbf5c4f6\" class=\"vce-image-gallery-item-inner\"><img decoding=\"async\" class=\"vce-image-gallery-img\" src=\"https:\/\/golfdebethune.fr\/wp-content\/uploads\/2025\/07\/4-1024x1024.png\" alt=\"\" title=\"4\"><\/a><\/figure><\/div><div class=\"vce-image-gallery-item\"><figure class=\"vce-image-gallery-item-inner-wrapper\"><a href=\"https:\/\/golfdebethune.fr\/wp-content\/uploads\/2025\/07\/5-e1753711495261.png\" data-lightbox=\"lightbox-fbf5c4f6\" class=\"vce-image-gallery-item-inner\"><img decoding=\"async\" class=\"vce-image-gallery-img\" src=\"https:\/\/golfdebethune.fr\/wp-content\/uploads\/2025\/07\/5-1024x1024.png\" alt=\"\" title=\"5\"><\/a><\/figure><\/div><div class=\"vce-image-gallery-item\"><figure class=\"vce-image-gallery-item-inner-wrapper\"><a href=\"https:\/\/golfdebethune.fr\/wp-content\/uploads\/2025\/07\/6-e1753711478818.png\" data-lightbox=\"lightbox-fbf5c4f6\" class=\"vce-image-gallery-item-inner\"><img decoding=\"async\" class=\"vce-image-gallery-img\" src=\"https:\/\/golfdebethune.fr\/wp-content\/uploads\/2025\/07\/6-1024x1024.png\" alt=\"\" title=\"6\"><\/a><\/figure><\/div><div class=\"vce-image-gallery-item\"><figure class=\"vce-image-gallery-item-inner-wrapper\"><a href=\"https:\/\/golfdebethune.fr\/wp-content\/uploads\/2025\/07\/7-e1753711458600.png\" data-lightbox=\"lightbox-fbf5c4f6\" class=\"vce-image-gallery-item-inner\"><img decoding=\"async\" class=\"vce-image-gallery-img\" src=\"https:\/\/golfdebethune.fr\/wp-content\/uploads\/2025\/07\/7-1024x1024.png\" alt=\"\" title=\"7\"><\/a><\/figure><\/div><div class=\"vce-image-gallery-item\"><figure class=\"vce-image-gallery-item-inner-wrapper\"><a href=\"https:\/\/golfdebethune.fr\/wp-content\/uploads\/2025\/07\/8-e1753711441542.png\" data-lightbox=\"lightbox-fbf5c4f6\" class=\"vce-image-gallery-item-inner\"><img decoding=\"async\" class=\"vce-image-gallery-img\" src=\"https:\/\/golfdebethune.fr\/wp-content\/uploads\/2025\/07\/8-1024x1024.png\" alt=\"\" title=\"8\"><\/a><\/figure><\/div><div class=\"vce-image-gallery-item\"><figure class=\"vce-image-gallery-item-inner-wrapper\"><a href=\"https:\/\/golfdebethune.fr\/wp-content\/uploads\/2025\/07\/9-e1753711431349.png\" data-lightbox=\"lightbox-fbf5c4f6\" class=\"vce-image-gallery-item-inner\"><img decoding=\"async\" class=\"vce-image-gallery-img\" src=\"https:\/\/golfdebethune.fr\/wp-content\/uploads\/2025\/07\/9-1024x1024.png\" alt=\"\" title=\"9\"><\/a><\/figure><\/div><div class=\"vce-image-gallery-item\"><figure class=\"vce-image-gallery-item-inner-wrapper\"><a href=\"https:\/\/golfdebethune.fr\/wp-content\/uploads\/2025\/07\/10-e1753711413822.png\" data-lightbox=\"lightbox-fbf5c4f6\" class=\"vce-image-gallery-item-inner\"><img decoding=\"async\" class=\"vce-image-gallery-img\" src=\"https:\/\/golfdebethune.fr\/wp-content\/uploads\/2025\/07\/10-1024x1024.png\" alt=\"\" title=\"10\"><\/a><\/figure><\/div><div class=\"vce-image-gallery-item\"><figure class=\"vce-image-gallery-item-inner-wrapper\"><a href=\"https:\/\/golfdebethune.fr\/wp-content\/uploads\/2025\/07\/11-e1753711400773.png\" data-lightbox=\"lightbox-fbf5c4f6\" class=\"vce-image-gallery-item-inner\"><img decoding=\"async\" class=\"vce-image-gallery-img\" src=\"https:\/\/golfdebethune.fr\/wp-content\/uploads\/2025\/07\/11-1024x1024.png\" alt=\"\" title=\"11\"><\/a><\/figure><\/div><div class=\"vce-image-gallery-item\"><figure class=\"vce-image-gallery-item-inner-wrapper\"><a href=\"https:\/\/golfdebethune.fr\/wp-content\/uploads\/2025\/07\/12-e1753711385943.png\" data-lightbox=\"lightbox-fbf5c4f6\" class=\"vce-image-gallery-item-inner\"><img decoding=\"async\" class=\"vce-image-gallery-img\" src=\"https:\/\/golfdebethune.fr\/wp-content\/uploads\/2025\/07\/12-1024x1024.png\" alt=\"\" title=\"12\"><\/a><\/figure><\/div><div class=\"vce-image-gallery-item\"><figure class=\"vce-image-gallery-item-inner-wrapper\"><a href=\"https:\/\/golfdebethune.fr\/wp-content\/uploads\/2025\/07\/13-e1753711371652.png\" data-lightbox=\"lightbox-fbf5c4f6\" class=\"vce-image-gallery-item-inner\"><img decoding=\"async\" class=\"vce-image-gallery-img\" src=\"https:\/\/golfdebethune.fr\/wp-content\/uploads\/2025\/07\/13-1024x1024.png\" alt=\"\" title=\"13\"><\/a><\/figure><\/div><div class=\"vce-image-gallery-item\"><figure class=\"vce-image-gallery-item-inner-wrapper\"><a href=\"https:\/\/golfdebethune.fr\/wp-content\/uploads\/2025\/07\/14-e1753711351525.png\" data-lightbox=\"lightbox-fbf5c4f6\" class=\"vce-image-gallery-item-inner\"><img decoding=\"async\" class=\"vce-image-gallery-img\" src=\"https:\/\/golfdebethune.fr\/wp-content\/uploads\/2025\/07\/14-1024x1024.png\" alt=\"\" title=\"14\"><\/a><\/figure><\/div><div class=\"vce-image-gallery-item\"><figure class=\"vce-image-gallery-item-inner-wrapper\"><a href=\"https:\/\/golfdebethune.fr\/wp-content\/uploads\/2025\/07\/15-e1753711277219.png\" data-lightbox=\"lightbox-fbf5c4f6\" class=\"vce-image-gallery-item-inner\"><img decoding=\"async\" class=\"vce-image-gallery-img\" src=\"https:\/\/golfdebethune.fr\/wp-content\/uploads\/2025\/07\/15-1024x1024.png\" alt=\"\" title=\"15\"><\/a><\/figure><\/div><div class=\"vce-image-gallery-item\"><figure class=\"vce-image-gallery-item-inner-wrapper\"><a href=\"https:\/\/golfdebethune.fr\/wp-content\/uploads\/2025\/07\/16-e1753711261298.png\" data-lightbox=\"lightbox-fbf5c4f6\" class=\"vce-image-gallery-item-inner\"><img decoding=\"async\" class=\"vce-image-gallery-img\" src=\"https:\/\/golfdebethune.fr\/wp-content\/uploads\/2025\/07\/16-1024x1024.png\" alt=\"\" title=\"16\"><\/a><\/figure><\/div><\/div><\/div><\/div><\/div><\/div><\/div><\/div><\/div><\/div><div class=\"vce-row-container\" data-vce-boxed-width=\"true\"><div class=\"vce-row vce-row--col-gap-30 vce-row-equal-height vce-row-content--top\" id=\"el-6312e1ac\" data-vce-do-apply=\"all el-6312e1ac\"><div class=\"vce-content-background-container\"><\/div><div class=\"vce-row-content\" data-vce-element-content=\"true\"><div class=\"vce-col vce-col--md-auto vce-col--xs-1 vce-col--xs-last vce-col--xs-first vce-col--sm-last vce-col--sm-first vce-col--md-last vce-col--lg-last vce-col--xl-last vce-col--md-first vce-col--lg-first vce-col--xl-first\" id=\"el-37ed3457\"><div class=\"vce-col-inner\" data-vce-do-apply=\"border margin background  el-37ed3457\"><div class=\"vce-col-content\" data-vce-element-content=\"true\" data-vce-do-apply=\"padding el-37ed3457\"><div class=\"vcv-row-control-wrapper\"><\/div><\/div><\/div><\/div><\/div><\/div><\/div>","protected":false},"excerpt":{"rendered":"<p>REGLEMENT &nbsp; Par mesure de s\u00e9curit\u00e9, tout joueur doit obligatoirement se pr\u00e9senter au club-house avant de se rendre au practice ou sur le parcours R\u00e8gle locale Au d\u00e9part du Trou n\u00b01, vous devez obligatoirement attendre que les joueurs vous pr\u00e9c\u00e9dant quittent le d\u00e9part du Trou n\u00b02 avant de jouer votre coup Putting green Balle de [&hellip;]<\/p>\n","protected":false},"author":1,"featured_media":0,"parent":0,"menu_order":0,"comment_status":"closed","ping_status":"closed","template":"","meta":{"ocean_post_layout":"","ocean_both_sidebars_style":"","ocean_both_sidebars_content_width":0,"ocean_both_sidebars_sidebars_width":0,"ocean_sidebar":"","ocean_second_sidebar":"","ocean_disable_margins":"enable","ocean_add_body_class":"","ocean_shortcode_before_top_bar":"","ocean_shortcode_after_top_bar":"","ocean_shortcode_before_header":"","ocean_shortcode_after_header":"","ocean_has_shortcode":"","ocean_shortcode_after_title":"","ocean_shortcode_before_footer_widgets":"","ocean_shortcode_after_footer_widgets":"","ocean_shortcode_before_footer_bottom":"","ocean_shortcode_after_footer_bottom":"","ocean_display_top_bar":"default","ocean_display_header":"default","ocean_header_style":"","ocean_center_header_left_menu":"","ocean_custom_header_template":"","ocean_custom_logo":0,"ocean_custom_retina_logo":0,"ocean_custom_logo_max_width":0,"ocean_custom_logo_tablet_max_width":0,"ocean_custom_logo_mobile_max_width":0,"ocean_custom_logo_max_height":0,"ocean_custom_logo_tablet_max_height":0,"ocean_custom_logo_mobile_max_height":0,"ocean_header_custom_menu":"","ocean_menu_typo_font_family":"","ocean_menu_typo_font_subset":"","ocean_menu_typo_font_size":0,"ocean_menu_typo_font_size_tablet":0,"ocean_menu_typo_font_size_mobile":0,"ocean_menu_typo_font_size_unit":"px","ocean_menu_typo_font_weight":"","ocean_menu_typo_font_weight_tablet":"","ocean_menu_typo_font_weight_mobile":"","ocean_menu_typo_transform":"","ocean_menu_typo_transform_tablet":"","ocean_menu_typo_transform_mobile":"","ocean_menu_typo_line_height":0,"ocean_menu_typo_line_height_tablet":0,"ocean_menu_typo_line_height_mobile":0,"ocean_menu_typo_line_height_unit":"","ocean_menu_typo_spacing":0,"ocean_menu_typo_spacing_tablet":0,"ocean_menu_typo_spacing_mobile":0,"ocean_menu_typo_spacing_unit":"","ocean_menu_link_color":"","ocean_menu_link_color_hover":"","ocean_menu_link_color_active":"","ocean_menu_link_background":"","ocean_menu_link_hover_background":"","ocean_menu_link_active_background":"","ocean_menu_social_links_bg":"","ocean_menu_social_hover_links_bg":"","ocean_menu_social_links_color":"","ocean_menu_social_hover_links_color":"","ocean_disable_title":"default","ocean_disable_heading":"default","ocean_post_title":"","ocean_post_subheading":"","ocean_post_title_style":"","ocean_post_title_background_color":"","ocean_post_title_background":0,"ocean_post_title_bg_image_position":"","ocean_post_title_bg_image_attachment":"","ocean_post_title_bg_image_repeat":"","ocean_post_title_bg_image_size":"","ocean_post_title_height":0,"ocean_post_title_bg_overlay":0.5,"ocean_post_title_bg_overlay_color":"","ocean_disable_breadcrumbs":"default","ocean_breadcrumbs_color":"","ocean_breadcrumbs_separator_color":"","ocean_breadcrumbs_links_color":"","ocean_breadcrumbs_links_hover_color":"","ocean_display_footer_widgets":"default","ocean_display_footer_bottom":"default","ocean_custom_footer_template":"","footnotes":""},"class_list":["post-185","page","type-page","status-publish","hentry","entry"],"_links":{"self":[{"href":"https:\/\/golfdebethune.fr\/index.php\/wp-json\/wp\/v2\/pages\/185","targetHints":{"allow":["GET"]}}],"collection":[{"href":"https:\/\/golfdebethune.fr\/index.php\/wp-json\/wp\/v2\/pages"}],"about":[{"href":"https:\/\/golfdebethune.fr\/index.php\/wp-json\/wp\/v2\/types\/page"}],"author":[{"embeddable":true,"href":"https:\/\/golfdebethune.fr\/index.php\/wp-json\/wp\/v2\/users\/1"}],"replies":[{"embeddable":true,"href":"https:\/\/golfdebethune.fr\/index.php\/wp-json\/wp\/v2\/comments?post=185"}],"version-history":[{"count":8,"href":"https:\/\/golfdebethune.fr\/index.php\/wp-json\/wp\/v2\/pages\/185\/revisions"}],"predecessor-version":[{"id":536,"href":"https:\/\/golfdebethune.fr\/index.php\/wp-json\/wp\/v2\/pages\/185\/revisions\/536"}],"wp:attachment":[{"href":"https:\/\/golfdebethune.fr\/index.php\/wp-json\/wp\/v2\/media?parent=185"}],"curies":[{"name":"wp","href":"https:\/\/api.w.org\/{rel}","templated":true}]}}