{"id":5,"date":"2025-02-05T21:42:41","date_gmt":"2025-02-05T20:42:41","guid":{"rendered":"https:\/\/golfdebethune.fr\/?page_id=5"},"modified":"2026-02-16T13:39:43","modified_gmt":"2026-02-16T12:39:43","slug":"accueil","status":"publish","type":"page","link":"https:\/\/golfdebethune.fr\/","title":{"rendered":"Accueil"},"content":{"rendered":"<div class=\"vce-row-container\" data-vce-boxed-width=\"true\"><div class=\"vce-row vce-row--xl--has-col-background vce-row--lg--has-col-background vce-row--md--has-col-background vce-row--sm--has-col-background vce-row--xs--has-col-background vce-row--col-gap-30 vce-row-equal-height vce-row-content--top\" id=\"el-a1b2fa6e\" data-vce-do-apply=\"all el-a1b2fa6e\"><div class=\"vce-content-background-container\"><\/div><div class=\"vce-row-content\" data-vce-element-content=\"true\"><div class=\"vce-col vce-element--xl--has-background vce-element--lg--has-background vce-element--md--has-background vce-element--sm--has-background vce-element--xs--has-background vce-col--md-auto vce-col--xs-1 vce-col--xs-last vce-col--xs-first vce-col--sm-last vce-col--sm-first vce-col--md-last vce-col--lg-last vce-col--xl-last vce-col--md-first vce-col--lg-first vce-col--xl-first\" id=\"el-853fd6e6\"><div class=\"vce-col-inner\" data-vce-do-apply=\"border margin background  el-853fd6e6\"><div class=\"vce-content-background-container\"><div class=\"vce-asset-background-zoom-container vce-visible-xl-only vce-asset-background-zoom--position-center-center\"><div class=\"vce-asset-background-zoom-container vce-visible-xl-only vce-asset-background-zoom--position-center-center\"><div class=\"vce-asset-background-zoom--scale-helper\" style=\"transform:scale(1)\"><div class=\"vce-asset-background-zoom\" data-vce-assets-zoom=\"out\" data-vce-assets-zoom-scale=\"1\" data-vce-assets-zoom-duration=\"30\">\n              <div class=\"vce-asset-background-zoom-item vcv-lozad\" data-background-image=\"https:\/\/golfdebethune.fr\/wp-content\/uploads\/2025\/07\/Terrasse-et-putting-green-scaled.jpg\"><\/div>\n              <noscript>\n                <div class=\"vce-asset-background-zoom-item\" style=\"background-image: url(https:\/\/golfdebethune.fr\/wp-content\/uploads\/2025\/07\/Terrasse-et-putting-green-scaled.jpg)\"><\/div>\n              <\/noscript>\n            <\/div><\/div><\/div><\/div><div class=\"vce-asset-background-zoom-container vce-visible-lg-only vce-asset-background-zoom--position-center-center\"><div class=\"vce-asset-background-zoom-container vce-visible-lg-only vce-asset-background-zoom--position-center-center\"><div class=\"vce-asset-background-zoom--scale-helper\" style=\"transform:scale(1.5)\"><div class=\"vce-asset-background-zoom\" data-vce-assets-zoom=\"out\" data-vce-assets-zoom-scale=\"0.6666666666666666\" data-vce-assets-zoom-duration=\"30\">\n              <div class=\"vce-asset-background-zoom-item vcv-lozad\" data-background-image=\"https:\/\/golfdebethune.fr\/wp-content\/uploads\/2025\/07\/2_Club-house-et-putting-green.png\"><\/div>\n              <noscript>\n                <div class=\"vce-asset-background-zoom-item\" style=\"background-image: url(https:\/\/golfdebethune.fr\/wp-content\/uploads\/2025\/07\/2_Club-house-et-putting-green.png)\"><\/div>\n              <\/noscript>\n            <\/div><\/div><\/div><\/div><div class=\"vce-asset-background-zoom-container vce-visible-md-only vce-asset-background-zoom--position-center-center\"><div class=\"vce-asset-background-zoom-container vce-visible-md-only vce-asset-background-zoom--position-center-center\"><div class=\"vce-asset-background-zoom--scale-helper\" style=\"transform:scale(1.5)\"><div class=\"vce-asset-background-zoom\" data-vce-assets-zoom=\"out\" data-vce-assets-zoom-scale=\"0.6666666666666666\" data-vce-assets-zoom-duration=\"30\">\n              <div class=\"vce-asset-background-zoom-item vcv-lozad\" data-background-image=\"https:\/\/golfdebethune.fr\/wp-content\/uploads\/2025\/07\/2_Club-house-et-putting-green.png\"><\/div>\n              <noscript>\n                <div class=\"vce-asset-background-zoom-item\" style=\"background-image: url(https:\/\/golfdebethune.fr\/wp-content\/uploads\/2025\/07\/2_Club-house-et-putting-green.png)\"><\/div>\n              <\/noscript>\n            <\/div><\/div><\/div><\/div><div class=\"vce-asset-background-zoom-container vce-visible-sm-only vce-asset-background-zoom--position-center-center\"><div class=\"vce-asset-background-zoom-container vce-visible-sm-only vce-asset-background-zoom--position-center-center\"><div class=\"vce-asset-background-zoom--scale-helper\" style=\"transform:scale(1.5)\"><div class=\"vce-asset-background-zoom\" data-vce-assets-zoom=\"out\" data-vce-assets-zoom-scale=\"0.6666666666666666\" data-vce-assets-zoom-duration=\"30\">\n              <div class=\"vce-asset-background-zoom-item vcv-lozad\" data-background-image=\"https:\/\/golfdebethune.fr\/wp-content\/uploads\/2025\/07\/2_Club-house-et-putting-green.png\"><\/div>\n              <noscript>\n                <div class=\"vce-asset-background-zoom-item\" style=\"background-image: url(https:\/\/golfdebethune.fr\/wp-content\/uploads\/2025\/07\/2_Club-house-et-putting-green.png)\"><\/div>\n              <\/noscript>\n            <\/div><\/div><\/div><\/div><div class=\"vce-asset-background-zoom-container vce-visible-xs-only vce-asset-background-zoom--position-center-bottom\"><div class=\"vce-asset-background-zoom-container vce-visible-xs-only vce-asset-background-zoom--position-center-bottom\"><div class=\"vce-asset-background-zoom--scale-helper\" style=\"transform:scale(1)\"><div class=\"vce-asset-background-zoom\" data-vce-assets-zoom=\"out\" data-vce-assets-zoom-scale=\"1\" data-vce-assets-zoom-duration=\"30\">\n              <div class=\"vce-asset-background-zoom-item vcv-lozad\" data-background-image=\"https:\/\/golfdebethune.fr\/wp-content\/uploads\/2025\/07\/Terrasse-et-putting-green-scaled.jpg\"><\/div>\n              <noscript>\n                <div class=\"vce-asset-background-zoom-item\" style=\"background-image: url(https:\/\/golfdebethune.fr\/wp-content\/uploads\/2025\/07\/Terrasse-et-putting-green-scaled.jpg)\"><\/div>\n              <\/noscript>\n            <\/div><\/div><\/div><\/div><\/div><div class=\"vce-col-content\" data-vce-element-content=\"true\" data-vce-do-apply=\"padding el-853fd6e6\"><div class=\"vce-text-block\"><div class=\"vce-text-block-wrapper vce\" id=\"el-2b48323e\" data-vce-do-apply=\"all el-2b48323e\"><h1 style=\"text-align: center;\"><span style=\"color: #ffffff; font-size: 36pt;\">GOLF DE BETHUNE<\/span><\/h1><p style=\"text-align: center;\"><span style=\"color: #ffffff; font-size: 24pt;\">PARCOURS 9 TROUS ET PITCH &amp; PUTT<\/span><\/p><p style=\"text-align: center;\"><span style=\"color: #ffffff; font-size: 18pt;\">Enseignement - Ecole de Golf - S\u00e9minaires et R\u00e9ceptions<\/span><\/p><\/div><\/div><div class=\"vce-text-block\"><div class=\"vce-text-block-wrapper vce\" id=\"el-576bcef7\" data-vce-do-apply=\"all el-576bcef7\"><\/div><\/div><div class=\"vce-button--style-basic-container vce-button--style-basic-container--align-center\"><span class=\"vce-button--style-basic-wrapper vce\" id=\"el-e1227467\" data-vce-do-apply=\"margin el-e1227467\"><a class=\"vce-button vce-button--style-basic vce-button--style-basic--border-round vce-button--style-basic--size-large vce-button--style-basic--color-b-184-46-36--fff\" href=\"https:\/\/golfdebethune.fr\/index.php\/actualites\/\" title=\"Conna\u00eetre les conditions de jeu et d'acc\u00e8s\" target=\"_blank\" data-vce-do-apply=\"padding border background  el-e1227467\">Actualit\u00e9s<\/a><\/span><\/div><\/div><\/div><\/div><\/div><\/div><\/div><div class=\"vce-row-container\" data-vce-boxed-width=\"true\"><div class=\"vce-row vce-row--has-col-background vce-row--col-gap-30 vce-row-equal-height vce-row-content--top\" id=\"el-45a6ec7b\" data-vce-do-apply=\"all el-45a6ec7b\"><div class=\"vce-row-content\" data-vce-element-content=\"true\"><div class=\"vce-col vce-element--has-background vce-col--md-auto vce-col--xs-1 vce-col--xs-last vce-col--xs-first vce-col--sm-last vce-col--sm-first vce-col--md-last vce-col--lg-last vce-col--xl-last vce-col--md-first vce-col--lg-first vce-col--xl-first\" id=\"el-00dbe1c9\"><div class=\"vce-col-inner\" data-vce-do-apply=\"border margin background  el-00dbe1c9\"><div class=\"vce-content-background-container\"><\/div><div class=\"vce-col-content\" data-vce-element-content=\"true\" data-vce-do-apply=\"padding el-00dbe1c9\"><section class=\"vce-feature-section-container vce-feature-section-media--xs\"><div class=\"vce vce-feature-section vce-feature-section--min-height\" id=\"el-162f3b44\" data-vce-do-apply=\"margin border animation backgroundColor el-162f3b44\"><div class=\"vce-feature-section-image vce-feature-section-image--alignment-left\" data-vce-background-image-xl=\"https:\/\/golfdebethune.fr\/wp-content\/uploads\/2025\/02\/golf5.b57cfeac.jpg\" data-vce-background-image-lg=\"https:\/\/golfdebethune.fr\/wp-content\/uploads\/2025\/02\/golf5.b57cfeac.jpg\" data-vce-background-image-md=\"https:\/\/golfdebethune.fr\/wp-content\/uploads\/2025\/02\/golf5.b57cfeac.jpg\" data-vce-background-image-sm=\"https:\/\/golfdebethune.fr\/wp-content\/uploads\/2025\/02\/golf5.b57cfeac.jpg\" data-vce-background-image-xs=\"https:\/\/golfdebethune.fr\/wp-content\/uploads\/2025\/02\/golf5.b57cfeac.jpg\" data-vce-background-image=\"xl,lg,md,sm,xs\" data-vce-lozad=\"true\" data-vce-do-apply=\"backgroundImage el-162f3b44\"><\/div><div class=\"vce-feature-section-content\"><div class=\"vce-feature-section-content-container\" data-vce-do-apply=\"padding el-162f3b44\"><div class=\"vce-feature-section-description\"><h3 data-pm-slice=\"1 1 []\"><span style=\"color: #333333;\">Bienvenue au c\u0153ur du golf pour tous \ud83c\udf3f<\/span><\/h3><p><span style=\"color: #333333;\">Venez d\u00e9couvrir un lieu o\u00f9 le golf rime avec convivialit\u00e9, d\u00e9tente et plaisir du jeu !<\/span><br><span style=\"color: #333333;\">Notre <strong>parcours 9 trous<\/strong>, accessible aux <strong>d\u00e9butants comme aux joueurs confirm\u00e9s<\/strong>, est id\u00e9al pour s\u2019initier ou se perfectionner, dans un cadre verdoyant et sans contrainte : <strong>aucune r\u00e9servation n\u2019est n\u00e9cessaire<\/strong>, vous venez quand vous le souhaitez.<\/span><\/p><p data-pm-slice=\"1 1 []\"><span style=\"color: #333333;\">\u26f3 Que vous soyez curieux, amateur ou passionn\u00e9, notre parcours est <strong>ouvert \u00e0 tous<\/strong>. Venez vivre le golf autrement !<\/span><\/p><\/div><div class=\"vce-button--style-outline-container vce-button--style-outline-container--align-left\"><span class=\"vce-button--style-outline-wrapper vce\" id=\"el-544d987e\" data-vce-do-apply=\"margin el-544d987e\"><a class=\"vce-button vce-button--style-outline-animated vce-button--style-outline--border-round vce-button--style-outline--size-medium vce-button--style-outline-animated--color-e3e3e3--b-255-255-255--3d3d3d vce-button--style-outline-animated--border-color-e3e3e3--3d3d3d vce-button--style-outline-animated--background-color-b-255-255-255\" href=\"https:\/\/golfdebethune.fr\/wp-content\/uploads\/2025\/07\/Prix-GF-et-practice.pdf\" title=\"\" target=\"_blank\" data-vce-do-apply=\"padding border background  el-544d987e\"><span class=\"vce-button--style-outline-text\">Tarifs Green-fee et practice<\/span><\/a><\/span><\/div><\/div><\/div><\/div><\/section><div class=\"vce-text-block\"><div class=\"vce-text-block-wrapper vce\" id=\"el-7ba7ae58\" data-vce-do-apply=\"all el-7ba7ae58\"><h2 style=\"text-align: center;\">Le Golf de B\u00e9thune : bien plus qu\u2019un parcours, un lieu d\u2019affaires<\/h2><\/div><\/div><section class=\"vce-feature-section-container vce-feature-section-media--xs\"><div class=\"vce vce-feature-section vce-feature-section--min-height\" id=\"el-5f4583f7\" data-vce-do-apply=\"margin border animation backgroundColor el-5f4583f7\"><div class=\"vce-feature-section-image vce-feature-section-image--alignment-left\" data-vce-background-image-xl=\"https:\/\/golfdebethune.fr\/wp-content\/uploads\/2025\/07\/Plaquette-Seminaires-1-scaled-e1753969013160.png\" data-vce-background-image-lg=\"https:\/\/golfdebethune.fr\/wp-content\/uploads\/2025\/07\/Plaquette-Seminaires.png\" data-vce-background-image-md=\"https:\/\/golfdebethune.fr\/wp-content\/uploads\/2025\/07\/Plaquette-Seminaires.png\" data-vce-background-image-sm=\"https:\/\/golfdebethune.fr\/wp-content\/uploads\/2025\/07\/Plaquette-Seminaires.png\" data-vce-background-image-xs=\"https:\/\/golfdebethune.fr\/wp-content\/uploads\/2025\/07\/Plaquette-Seminaires.png\" data-vce-background-image=\"xl,lg,md,sm,xs\" data-vce-lozad=\"true\" data-vce-do-apply=\"backgroundImage el-5f4583f7\"><\/div><div class=\"vce-feature-section-content\"><div class=\"vce-feature-section-content-container\" data-vce-do-apply=\"padding el-5f4583f7\"><div class=\"vce-feature-section-description\"><h2 data-start=\"107\" data-end=\"146\"><span style=\"color: #333333;\"><strong data-start=\"107\" data-end=\"146\">Un cadre professionnel et verdoyant<\/strong><\/span><\/h2><p data-start=\"148\" data-end=\"425\"><span style=\"color: #333333;\">Le Golf de B\u00e9thune accueille vos s\u00e9minaires, r\u00e9unions de travail et cocktails d\u2019entreprise dans un environnement calme et privil\u00e9gi\u00e9. Nous mettons \u00e0 votre disposition des espaces adapt\u00e9s et une \u00e9quipe \u00e0 l\u2019\u00e9coute pour concevoir, avec vous, un \u00e9v\u00e9nement professionnel sur mesure.<\/span><\/p><\/div><div class=\"vce-button--style-outline-container vce-button--style-outline-container--align-left\"><span class=\"vce-button--style-outline-wrapper vce\" id=\"el-94409ec7\" data-vce-do-apply=\"margin el-94409ec7\"><a class=\"vce-button vce-button--style-outline-animated vce-button--style-outline--border-round vce-button--style-outline--size-medium vce-button--style-outline-animated--color-e3e3e3--fff--3d3d3d vce-button--style-outline-animated--border-color-e3e3e3--3d3d3d vce-button--style-outline-animated--background-color-3d3d3d\" href=\"https:\/\/golfdebethune.fr\/index.php\/seminaire\/\" title=\"\" data-vce-do-apply=\"padding border background  el-94409ec7\"><span class=\"vce-button--style-outline-text\">Plus d'infos<\/span><\/a><\/span><\/div><\/div><\/div><\/div><\/section><div class=\"vce-text-block\"><div class=\"vce-text-block-wrapper vce\" id=\"el-b8cf94ae\" data-vce-do-apply=\"all el-b8cf94ae\"><h2 style=\"text-align: center;\">Un lieu, mille possibilit\u00e9s<\/h2><\/div><\/div><div class=\"vce-image-masonry-gallery vce-image-masonry-gallery--border-rounded\"><div class=\"vce-image-masonry-gallery-wrapper vce vce-image-masonry-gallery--gap-14 vce-image-masonry-gallery--columns-3\" id=\"el-c681f893\" data-vce-do-apply=\"all el-c681f893\"><div class=\"vce-image-masonry-gallery-list\"><div class=\"vce-image-masonry-gallery-column\"><a href=\"https:\/\/golfdebethune.fr\/wp-content\/uploads\/2025\/07\/coucher-de-soleil-scaled.jpg\" data-lightbox=\"lightbox-c681f893\" class=\"vce-image-masonry-gallery-item\"><img decoding=\"async\" class=\"vce-image-masonry-gallery-img\" src=\"https:\/\/golfdebethune.fr\/wp-content\/uploads\/2025\/07\/coucher-de-soleil-scaled.jpg\" alt=\"\"><\/a><a href=\"https:\/\/golfdebethune.fr\/wp-content\/uploads\/2025\/07\/Terrasse-2-scaled.jpg\" data-lightbox=\"lightbox-c681f893\" class=\"vce-image-masonry-gallery-item\"><img decoding=\"async\" class=\"vce-image-masonry-gallery-img\" src=\"https:\/\/golfdebethune.fr\/wp-content\/uploads\/2025\/07\/Terrasse-2-scaled.jpg\" alt=\"\"><\/a><a href=\"https:\/\/golfdebethune.fr\/wp-content\/uploads\/2025\/07\/arrosage-green-4-scaled.jpg\" data-lightbox=\"lightbox-c681f893\" class=\"vce-image-masonry-gallery-item\"><img decoding=\"async\" class=\"vce-image-masonry-gallery-img\" src=\"https:\/\/golfdebethune.fr\/wp-content\/uploads\/2025\/07\/arrosage-green-4-scaled.jpg\" alt=\"\"><\/a><\/div><div class=\"vce-image-masonry-gallery-column\"><a href=\"https:\/\/golfdebethune.fr\/wp-content\/uploads\/2025\/07\/1_Entree-du-Golf-scaled.jpg\" data-lightbox=\"lightbox-c681f893\" class=\"vce-image-masonry-gallery-item\"><img decoding=\"async\" class=\"vce-image-masonry-gallery-img\" src=\"https:\/\/golfdebethune.fr\/wp-content\/uploads\/2025\/07\/1_Entree-du-Golf-scaled.jpg\" alt=\"\"><\/a><a href=\"https:\/\/golfdebethune.fr\/wp-content\/uploads\/2025\/07\/depart-n\u00b06-2-scaled.jpg\" data-lightbox=\"lightbox-c681f893\" class=\"vce-image-masonry-gallery-item\"><img decoding=\"async\" class=\"vce-image-masonry-gallery-img\" src=\"https:\/\/golfdebethune.fr\/wp-content\/uploads\/2025\/07\/depart-n\u00b06-2-scaled.jpg\" alt=\"\"><\/a><a href=\"https:\/\/golfdebethune.fr\/wp-content\/uploads\/2025\/07\/9_Salle-en-U-et-dejeuner-rotated-e1753615845462.jpg\" data-lightbox=\"lightbox-c681f893\" class=\"vce-image-masonry-gallery-item\"><img decoding=\"async\" class=\"vce-image-masonry-gallery-img\" src=\"https:\/\/golfdebethune.fr\/wp-content\/uploads\/2025\/07\/9_Salle-en-U-et-dejeuner-rotated-e1753615845462.jpg\" alt=\"\"><\/a><\/div><div class=\"vce-image-masonry-gallery-column\"><a href=\"https:\/\/golfdebethune.fr\/wp-content\/uploads\/2025\/07\/depart-n\u00b03-scaled.jpg\" data-lightbox=\"lightbox-c681f893\" class=\"vce-image-masonry-gallery-item\"><img decoding=\"async\" class=\"vce-image-masonry-gallery-img\" src=\"https:\/\/golfdebethune.fr\/wp-content\/uploads\/2025\/07\/depart-n\u00b03-scaled.jpg\" alt=\"\"><\/a><a href=\"https:\/\/golfdebethune.fr\/wp-content\/uploads\/2025\/07\/Green-n\u00b06-7-scaled.jpg\" data-lightbox=\"lightbox-c681f893\" class=\"vce-image-masonry-gallery-item\"><img decoding=\"async\" class=\"vce-image-masonry-gallery-img\" src=\"https:\/\/golfdebethune.fr\/wp-content\/uploads\/2025\/07\/Green-n\u00b06-7-scaled.jpg\" alt=\"\"><\/a><\/div><\/div><\/div><\/div><div class=\"vce-text-block\"><div class=\"vce-text-block-wrapper vce\" id=\"el-776e258c\" data-vce-do-apply=\"all el-776e258c\"><h2 style=\"text-align: center;\">Prenez le d\u00e9part de votre aventure golfique<\/h2><\/div><\/div><section class=\"vce-feature-section-container vce-feature-section-media--xs\"><div class=\"vce vce-feature-section vce-feature-section--min-height\" id=\"el-d07674bf\" data-vce-do-apply=\"margin border animation backgroundColor el-d07674bf\"><div class=\"vce-feature-section-image vce-feature-section-image--alignment-left\" data-vce-background-image-all=\"https:\/\/golfdebethune.fr\/wp-content\/uploads\/2025\/07\/IMG_2160.jpg\" data-vce-background-image=\"all\" data-vce-lozad=\"true\" data-vce-do-apply=\"backgroundImage el-d07674bf\"><\/div><div class=\"vce-feature-section-content\"><div class=\"vce-feature-section-content-container\" data-vce-do-apply=\"padding el-d07674bf\"><div class=\"vce-feature-section-description\"><h3 data-pm-slice=\"1 1 []\">Ecole de Golf et Enseignement<\/h3><p data-pm-slice=\"1 1 []\"><span style=\"color: #333333;\">Nous avons \u00e0 c\u0153ur d\u2019ouvrir le golf \u00e0 tous, et c\u2019est pourquoi notre <strong>\u00e9cole de golf accueille les enfants d\u00e8s 7 ans<\/strong>, encadr\u00e9s par notre professeur de golf aid\u00e9 de b\u00e9n\u00e9voles tous passionn\u00e9s.<\/span><\/p><p data-pm-slice=\"1 1 []\"><span style=\"color: #333333;\">Vous souhaitez aller plus loin ? Nos <strong>cours individuels ou collectifs<\/strong> ainsi que le <strong>passage de la carte verte<\/strong> vous accompagnent \u00e0 chaque \u00e9tape de votre progression.<\/span><\/p><\/div><div class=\"vce-button--style-outline-container vce-button--style-outline-container--align-left\"><span class=\"vce-button--style-outline-wrapper vce\" id=\"el-6948f317\" data-vce-do-apply=\"margin el-6948f317\"><a class=\"vce-button vce-button--style-outline-animated vce-button--style-outline--border-round vce-button--style-outline--size-medium vce-button--style-outline-animated--color-e3e3e3--fff--3d3d3d vce-button--style-outline-animated--border-color-e3e3e3--3d3d3d vce-button--style-outline-animated--background-color-3d3d3d\" href=\"https:\/\/golfdebethune.fr\/wp-content\/uploads\/2025\/07\/Tarifs-EDG-et-CV.pdf\" title=\"\" target=\"_blank\" data-vce-do-apply=\"padding border background  el-6948f317\"><span class=\"vce-button--style-outline-text\">Tarifs Ecole de Golf et Carte Verte<\/span><\/a><\/span><\/div><\/div><\/div><\/div><\/section><div class=\"vce-text-block\"><div class=\"vce-text-block-wrapper vce\" id=\"el-280eb9da\" data-vce-do-apply=\"all el-280eb9da\"><h3 data-start=\"157\" data-end=\"202\">Une question ? Envie d\u2019en savoir plus ?<\/h3><p data-start=\"203\" data-end=\"453\">Notre \u00e9quipe est \u00e0 votre \u00e9coute !<br data-start=\"236\" data-end=\"239\">Remplissez simplement le formulaire dans la page <span style=\"color: #ffffff;\"><a style=\"color: #ffffff;\" href=\"https:\/\/golfdebethune.fr\/index.php\/contact\/\" target=\"_blank\" rel=\"noopener\">CONTACT<\/a><\/span> et nous vous r\u00e9pondrons rapidement.<br data-start=\"322\" data-end=\"325\">Que ce soit pour une initiation, une r\u00e9servation de groupe, ou un renseignement sur nos cours \u2014 <strong data-start=\"421\" data-end=\"451\">on vous guide avec plaisir<\/strong> \u26f3<\/p><\/div><\/div><\/div><\/div><\/div><\/div><\/div><\/div><div class=\"vce-row-container\" data-vce-boxed-width=\"true\"><div class=\"vce-row vce-row--col-gap-30 vce-row-equal-height vce-row-content--top\" id=\"el-a1f2cf14\" data-vce-do-apply=\"all el-a1f2cf14\"><div class=\"vce-content-background-container\"><\/div><div class=\"vce-row-content\" data-vce-element-content=\"true\"><div class=\"vce-col vce-col--md-auto vce-col--xs-1 vce-col--xs-last vce-col--xs-first vce-col--sm-last vce-col--sm-first vce-col--md-last vce-col--lg-last vce-col--xl-last vce-col--md-first vce-col--lg-first vce-col--xl-first\" id=\"el-7cddf8cf\"><div class=\"vce-col-inner\" data-vce-do-apply=\"border margin background  el-7cddf8cf\"><div class=\"vce-col-content\" data-vce-element-content=\"true\" data-vce-do-apply=\"padding el-7cddf8cf\"><div class=\"vce-text-block\"><div class=\"vce-text-block-wrapper vce\" id=\"el-7ba21c06\" data-vce-do-apply=\"all el-7ba21c06\"><\/div><\/div><div class=\"vce-text-block\"><div class=\"vce-text-block-wrapper vce\" id=\"el-0dadad64\" data-vce-do-apply=\"all el-0dadad64\"><p>Golf de B\u00e9thune ouvert tous les jours de l'ann\u00e9e (sauf 25 d\u00e9cembre et 1er janvier et sous r\u00e9serve des conditions m\u00e9t\u00e9orologiques)<\/p><\/div><\/div><\/div><\/div><\/div><\/div><\/div><\/div>\n","protected":false},"excerpt":{"rendered":"<p>GOLF DE BETHUNEPARCOURS 9 TROUS ET PITCH &amp; PUTTEnseignement &#8211; Ecole de Golf &#8211; S\u00e9minaires et R\u00e9ceptionsActualit\u00e9sBienvenue au c\u0153ur du golf pour tous \ud83c\udf3fVenez d\u00e9couvrir un lieu o\u00f9 le golf rime avec convivialit\u00e9, d\u00e9tente et plaisir du jeu !Notre parcours 9 trous, accessible aux d\u00e9butants comme aux joueurs confirm\u00e9s, est id\u00e9al pour s\u2019initier ou se [&hellip;]<\/p>\n","protected":false},"author":1,"featured_media":0,"parent":0,"menu_order":0,"comment_status":"closed","ping_status":"closed","template":"","meta":{"ocean_post_layout":"","ocean_both_sidebars_style":"","ocean_both_sidebars_content_width":0,"ocean_both_sidebars_sidebars_width":0,"ocean_sidebar":"","ocean_second_sidebar":"","ocean_disable_margins":"enable","ocean_add_body_class":"","ocean_shortcode_before_top_bar":"","ocean_shortcode_after_top_bar":"","ocean_shortcode_before_header":"","ocean_shortcode_after_header":"","ocean_has_shortcode":"","ocean_shortcode_after_title":"","ocean_shortcode_before_footer_widgets":"","ocean_shortcode_after_footer_widgets":"","ocean_shortcode_before_footer_bottom":"","ocean_shortcode_after_footer_bottom":"","ocean_display_top_bar":"default","ocean_display_header":"default","ocean_header_style":"","ocean_center_header_left_menu":"","ocean_custom_header_template":"","ocean_custom_logo":0,"ocean_custom_retina_logo":0,"ocean_custom_logo_max_width":0,"ocean_custom_logo_tablet_max_width":0,"ocean_custom_logo_mobile_max_width":0,"ocean_custom_logo_max_height":0,"ocean_custom_logo_tablet_max_height":0,"ocean_custom_logo_mobile_max_height":0,"ocean_header_custom_menu":"","ocean_menu_typo_font_family":"","ocean_menu_typo_font_subset":"","ocean_menu_typo_font_size":0,"ocean_menu_typo_font_size_tablet":0,"ocean_menu_typo_font_size_mobile":0,"ocean_menu_typo_font_size_unit":"px","ocean_menu_typo_font_weight":"","ocean_menu_typo_font_weight_tablet":"","ocean_menu_typo_font_weight_mobile":"","ocean_menu_typo_transform":"","ocean_menu_typo_transform_tablet":"","ocean_menu_typo_transform_mobile":"","ocean_menu_typo_line_height":0,"ocean_menu_typo_line_height_tablet":0,"ocean_menu_typo_line_height_mobile":0,"ocean_menu_typo_line_height_unit":"","ocean_menu_typo_spacing":0,"ocean_menu_typo_spacing_tablet":0,"ocean_menu_typo_spacing_mobile":0,"ocean_menu_typo_spacing_unit":"","ocean_menu_link_color":"","ocean_menu_link_color_hover":"","ocean_menu_link_color_active":"","ocean_menu_link_background":"","ocean_menu_link_hover_background":"","ocean_menu_link_active_background":"","ocean_menu_social_links_bg":"","ocean_menu_social_hover_links_bg":"","ocean_menu_social_links_color":"","ocean_menu_social_hover_links_color":"","ocean_disable_title":"default","ocean_disable_heading":"default","ocean_post_title":"","ocean_post_subheading":"","ocean_post_title_style":"","ocean_post_title_background_color":"","ocean_post_title_background":0,"ocean_post_title_bg_image_position":"","ocean_post_title_bg_image_attachment":"","ocean_post_title_bg_image_repeat":"","ocean_post_title_bg_image_size":"","ocean_post_title_height":0,"ocean_post_title_bg_overlay":0.5,"ocean_post_title_bg_overlay_color":"","ocean_disable_breadcrumbs":"default","ocean_breadcrumbs_color":"","ocean_breadcrumbs_separator_color":"","ocean_breadcrumbs_links_color":"","ocean_breadcrumbs_links_hover_color":"","ocean_display_footer_widgets":"default","ocean_display_footer_bottom":"default","ocean_custom_footer_template":"","footnotes":""},"class_list":["post-5","page","type-page","status-publish","hentry","entry"],"_links":{"self":[{"href":"https:\/\/golfdebethune.fr\/index.php\/wp-json\/wp\/v2\/pages\/5","targetHints":{"allow":["GET"]}}],"collection":[{"href":"https:\/\/golfdebethune.fr\/index.php\/wp-json\/wp\/v2\/pages"}],"about":[{"href":"https:\/\/golfdebethune.fr\/index.php\/wp-json\/wp\/v2\/types\/page"}],"author":[{"embeddable":true,"href":"https:\/\/golfdebethune.fr\/index.php\/wp-json\/wp\/v2\/users\/1"}],"replies":[{"embeddable":true,"href":"https:\/\/golfdebethune.fr\/index.php\/wp-json\/wp\/v2\/comments?post=5"}],"version-history":[{"count":39,"href":"https:\/\/golfdebethune.fr\/index.php\/wp-json\/wp\/v2\/pages\/5\/revisions"}],"predecessor-version":[{"id":810,"href":"https:\/\/golfdebethune.fr\/index.php\/wp-json\/wp\/v2\/pages\/5\/revisions\/810"}],"wp:attachment":[{"href":"https:\/\/golfdebethune.fr\/index.php\/wp-json\/wp\/v2\/media?parent=5"}],"curies":[{"name":"wp","href":"https:\/\/api.w.org\/{rel}","templated":true}]}}