{"id":585,"date":"2025-08-01T12:44:50","date_gmt":"2025-08-01T10:44:50","guid":{"rendered":"https:\/\/golfdebethune.fr\/?page_id=585"},"modified":"2025-08-01T14:23:39","modified_gmt":"2025-08-01T12:23:39","slug":"brasserie","status":"publish","type":"page","link":"https:\/\/golfdebethune.fr\/index.php\/brasserie\/","title":{"rendered":"Brasserie"},"content":{"rendered":"<div class=\"vce-row-container\" data-vce-boxed-width=\"true\"><div class=\"vce-row vce-row--col-gap-30 vce-row-equal-height vce-row-content--top\" id=\"el-b60434fc\" data-vce-do-apply=\"all el-b60434fc\"><div class=\"vce-row-content\" data-vce-element-content=\"true\"><div class=\"vce-col vce-col--md-auto vce-col--xs-1 vce-col--xs-last vce-col--xs-first vce-col--sm-last vce-col--sm-first vce-col--md-first vce-col--lg-first vce-col--xl-first\" id=\"el-e154b07b\"><div class=\"vce-col-inner\" data-vce-do-apply=\"border margin background  el-e154b07b\"><div class=\"vce-col-content\" data-vce-element-content=\"true\" data-vce-do-apply=\"padding el-e154b07b\"><div class=\"vce-single-image-container vce-single-image--align-center\"><div class=\"vce vce-single-image-wrapper\" id=\"el-d33912f0\" data-vce-do-apply=\"all el-d33912f0\"><figure><div class=\"vce-single-image-figure-inner\" style=\"width: 500px;\"><div class=\"vce-single-image-inner vce-single-image--absolute vce-single-image--border-rounded\" style=\"width: 100%; padding-bottom: 100%;\"><img loading=\"lazy\" decoding=\"async\" class=\"vce-single-image\"  width=\"500\" height=\"500\" srcset=\"https:\/\/golfdebethune.fr\/wp-content\/uploads\/2025\/08\/Logo-resto-500x450.png 500w, https:\/\/golfdebethune.fr\/wp-content\/uploads\/2025\/08\/Logo-resto-320x320.png 320w, https:\/\/golfdebethune.fr\/wp-content\/uploads\/2025\/08\/Logo-resto-480x480.png 480w\" src=\"https:\/\/golfdebethune.fr\/wp-content\/uploads\/2025\/08\/Logo-resto-500x450.png\" data-img-src=\"https:\/\/golfdebethune.fr\/wp-content\/uploads\/2025\/08\/Logo-resto.png\" data-attachment-id=\"586\"  alt=\"brasserie en restauration traditionnelle avec r\u00e9servation au pr\u00e9alable\" title=\"Logo resto\" \/><\/div><\/div><figcaption hidden=\"\"><\/figcaption><\/figure><\/div><\/div><div class=\"vce-single-image-container vce-single-image--align-left\"><div class=\"vce vce-single-image-wrapper\" id=\"el-3bae3b86\" data-vce-do-apply=\"all el-3bae3b86\"><figure><div class=\"vce-single-image-figure-inner\" style=\"width: 768px;\"><div class=\"vce-single-image-inner vce-single-image--absolute\" style=\"width: 100%; padding-bottom: 133.333%;\"><img loading=\"lazy\" decoding=\"async\" class=\"vce-single-image\"  width=\"768\" height=\"1024\" srcset=\"https:\/\/golfdebethune.fr\/wp-content\/uploads\/2025\/08\/IMG_3063-768x1024.jpg 768w, https:\/\/golfdebethune.fr\/wp-content\/uploads\/2025\/08\/IMG_3063-1536x2048.jpg 2x, https:\/\/golfdebethune.fr\/wp-content\/uploads\/2025\/08\/IMG_3063-800x1067.jpg 800w, https:\/\/golfdebethune.fr\/wp-content\/uploads\/2025\/08\/IMG_3063-320x427.jpg 320w, https:\/\/golfdebethune.fr\/wp-content\/uploads\/2025\/08\/IMG_3063-480x640.jpg 480w\" src=\"https:\/\/golfdebethune.fr\/wp-content\/uploads\/2025\/08\/IMG_3063-768x1024.jpg\" data-img-src=\"https:\/\/golfdebethune.fr\/wp-content\/uploads\/2025\/08\/IMG_3063-scaled.jpg\" data-attachment-id=\"588\"  alt=\"\" title=\"IMG_3063\" \/><\/div><\/div><figcaption hidden=\"\"><\/figcaption><\/figure><\/div><\/div><\/div><\/div><\/div><div class=\"vce-col vce-col--md-auto vce-col--xs-1 vce-col--xs-last vce-col--xs-first vce-col--sm-last vce-col--sm-first vce-col--md-last vce-col--lg-last vce-col--xl-last\" id=\"el-e0b2c9a3\"><div class=\"vce-col-inner\" data-vce-do-apply=\"border margin background  el-e0b2c9a3\"><div class=\"vce-col-content\" data-vce-element-content=\"true\" data-vce-do-apply=\"padding el-e0b2c9a3\"><div class=\"vce-text-block\"><div class=\"vce-text-block-wrapper vce\" id=\"el-8050b06f\" data-vce-do-apply=\"all el-8050b06f\"><h3 data-start=\"129\" data-end=\"175\">\ud83d\udcde <strong data-start=\"136\" data-end=\"175\">Pensez \u00e0 r\u00e9server avant votre venue<\/strong><\/h3><p data-start=\"177\" data-end=\"445\">Notre brasserie n\u2019est pas ouverte tous les jours, mais elle fonctionne les jours de comp\u00e9tition de golf.<\/p><p data-start=\"177\" data-end=\"445\"><br data-start=\"294\" data-end=\"297\">Nous vous recommandons de nous appeler avant votre venue pour v\u00e9rifier l\u2019ouverture et r\u00e9server votre table.<\/p><p data-start=\"177\" data-end=\"445\">Nous serons ravis de vous accueillir !<\/p><hr><p data-start=\"177\" data-end=\"445\">&nbsp;<\/p><h3 data-start=\"104\" data-end=\"166\">\ud83c\udf7d\ufe0f <strong data-start=\"112\" data-end=\"166\">Une cuisine traditionnelle \u00e0 savourer au grand air<\/strong><\/h3><p data-start=\"168\" data-end=\"291\">Notre brasserie vous propose une cuisine de type <strong data-start=\"217\" data-end=\"235\">traditionnelle<\/strong>, g\u00e9n\u00e9reuse et conviviale, \u00e0 base de produits de saison.<\/p><p data-start=\"293\" data-end=\"425\">\ud83e\udeb4 <strong data-start=\"296\" data-end=\"315\">Aux beaux jours<\/strong>, profitez de notre <strong data-start=\"335\" data-end=\"356\">agr\u00e9able terrasse<\/strong> pour d\u00e9jeuner en plein air dans un cadre verdoyant, au c\u0153ur du golf.<\/p><p data-start=\"427\" data-end=\"714\">\ud83d\udcde <strong data-start=\"430\" data-end=\"449\">Sur r\u00e9servation<\/strong>, nous accueillons avec plaisir les <strong data-start=\"485\" data-end=\"508\">groupes de golfeurs<\/strong>, ainsi que les <strong data-start=\"524\" data-end=\"562\">d\u00e9jeuners en famille ou entre amis<\/strong>. Que ce soit pour un moment simple ou une occasion sp\u00e9ciale, notre \u00e9quipe est \u00e0 votre \u00e9coute pour organiser votre repas dans les meilleures conditions.<\/p><p data-start=\"716\" data-end=\"807\">N\u2019h\u00e9sitez pas \u00e0 nous contacter pour conna\u00eetre les menus du moment et r\u00e9server votre table !<\/p><p data-start=\"110\" data-end=\"292\">&nbsp;<\/p><\/div><\/div><div class=\"vce-button--style-basic-container vce-button--style-basic-container--align-left\"><span class=\"vce-button--style-basic-wrapper vce\" id=\"el-9b354d19\" data-vce-do-apply=\"margin el-9b354d19\"><a class=\"vce-button vce-button--style-basic vce-button--style-basic--border-round vce-button--style-basic--size-medium vce-button--style-basic--color-b-167-132-97--fff\" href=\"https:\/\/golfdebethune.fr\/wp-content\/uploads\/2025\/08\/Menu.pdf\" title=\"\" target=\"_blank\" data-vce-do-apply=\"padding border background  el-9b354d19\">Carte des plats<\/a><\/span><\/div><div class=\"vce-button--style-basic-container vce-button--style-basic-container--align-left\"><span class=\"vce-button--style-basic-wrapper vce\" id=\"el-d368f0af\" data-vce-do-apply=\"margin el-d368f0af\"><a class=\"vce-button vce-button--style-basic vce-button--style-basic--border-round vce-button--style-basic--size-medium vce-button--style-basic--color-b-167-132-97--fff\" href=\"https:\/\/golfdebethune.fr\/wp-content\/uploads\/2025\/08\/Boissons.pdf\" title=\"\" target=\"_blank\" data-vce-do-apply=\"padding border background  el-d368f0af\">Carte des boissons<\/a><\/span><\/div><\/div><\/div><\/div><\/div><\/div><\/div>\n","protected":false},"excerpt":{"rendered":"<p>\ud83d\udcde Pensez \u00e0 r\u00e9server avant votre venueNotre brasserie n\u2019est pas ouverte tous les jours, mais elle fonctionne les jours de comp\u00e9tition de golf.Nous vous recommandons de nous appeler avant votre venue pour v\u00e9rifier l\u2019ouverture et r\u00e9server votre table.Nous serons ravis de vous accueillir !&nbsp;\ud83c\udf7d\ufe0f Une cuisine traditionnelle \u00e0 savourer au grand airNotre brasserie vous propose [&hellip;]<\/p>\n","protected":false},"author":1,"featured_media":0,"parent":0,"menu_order":0,"comment_status":"closed","ping_status":"closed","template":"","meta":{"ocean_post_layout":"","ocean_both_sidebars_style":"","ocean_both_sidebars_content_width":0,"ocean_both_sidebars_sidebars_width":0,"ocean_sidebar":"","ocean_second_sidebar":"","ocean_disable_margins":"enable","ocean_add_body_class":"","ocean_shortcode_before_top_bar":"","ocean_shortcode_after_top_bar":"","ocean_shortcode_before_header":"","ocean_shortcode_after_header":"","ocean_has_shortcode":"","ocean_shortcode_after_title":"","ocean_shortcode_before_footer_widgets":"","ocean_shortcode_after_footer_widgets":"","ocean_shortcode_before_footer_bottom":"","ocean_shortcode_after_footer_bottom":"","ocean_display_top_bar":"default","ocean_display_header":"default","ocean_header_style":"","ocean_center_header_left_menu":"","ocean_custom_header_template":"","ocean_custom_logo":0,"ocean_custom_retina_logo":0,"ocean_custom_logo_max_width":0,"ocean_custom_logo_tablet_max_width":0,"ocean_custom_logo_mobile_max_width":0,"ocean_custom_logo_max_height":0,"ocean_custom_logo_tablet_max_height":0,"ocean_custom_logo_mobile_max_height":0,"ocean_header_custom_menu":"","ocean_menu_typo_font_family":"","ocean_menu_typo_font_subset":"","ocean_menu_typo_font_size":0,"ocean_menu_typo_font_size_tablet":0,"ocean_menu_typo_font_size_mobile":0,"ocean_menu_typo_font_size_unit":"px","ocean_menu_typo_font_weight":"","ocean_menu_typo_font_weight_tablet":"","ocean_menu_typo_font_weight_mobile":"","ocean_menu_typo_transform":"","ocean_menu_typo_transform_tablet":"","ocean_menu_typo_transform_mobile":"","ocean_menu_typo_line_height":0,"ocean_menu_typo_line_height_tablet":0,"ocean_menu_typo_line_height_mobile":0,"ocean_menu_typo_line_height_unit":"","ocean_menu_typo_spacing":0,"ocean_menu_typo_spacing_tablet":0,"ocean_menu_typo_spacing_mobile":0,"ocean_menu_typo_spacing_unit":"","ocean_menu_link_color":"","ocean_menu_link_color_hover":"","ocean_menu_link_color_active":"","ocean_menu_link_background":"","ocean_menu_link_hover_background":"","ocean_menu_link_active_background":"","ocean_menu_social_links_bg":"","ocean_menu_social_hover_links_bg":"","ocean_menu_social_links_color":"","ocean_menu_social_hover_links_color":"","ocean_disable_title":"default","ocean_disable_heading":"default","ocean_post_title":"","ocean_post_subheading":"","ocean_post_title_style":"","ocean_post_title_background_color":"","ocean_post_title_background":0,"ocean_post_title_bg_image_position":"","ocean_post_title_bg_image_attachment":"","ocean_post_title_bg_image_repeat":"","ocean_post_title_bg_image_size":"","ocean_post_title_height":0,"ocean_post_title_bg_overlay":0.5,"ocean_post_title_bg_overlay_color":"","ocean_disable_breadcrumbs":"default","ocean_breadcrumbs_color":"","ocean_breadcrumbs_separator_color":"","ocean_breadcrumbs_links_color":"","ocean_breadcrumbs_links_hover_color":"","ocean_display_footer_widgets":"default","ocean_display_footer_bottom":"default","ocean_custom_footer_template":"","footnotes":""},"class_list":["post-585","page","type-page","status-publish","hentry","entry"],"_links":{"self":[{"href":"https:\/\/golfdebethune.fr\/index.php\/wp-json\/wp\/v2\/pages\/585","targetHints":{"allow":["GET"]}}],"collection":[{"href":"https:\/\/golfdebethune.fr\/index.php\/wp-json\/wp\/v2\/pages"}],"about":[{"href":"https:\/\/golfdebethune.fr\/index.php\/wp-json\/wp\/v2\/types\/page"}],"author":[{"embeddable":true,"href":"https:\/\/golfdebethune.fr\/index.php\/wp-json\/wp\/v2\/users\/1"}],"replies":[{"embeddable":true,"href":"https:\/\/golfdebethune.fr\/index.php\/wp-json\/wp\/v2\/comments?post=585"}],"version-history":[{"count":3,"href":"https:\/\/golfdebethune.fr\/index.php\/wp-json\/wp\/v2\/pages\/585\/revisions"}],"predecessor-version":[{"id":595,"href":"https:\/\/golfdebethune.fr\/index.php\/wp-json\/wp\/v2\/pages\/585\/revisions\/595"}],"wp:attachment":[{"href":"https:\/\/golfdebethune.fr\/index.php\/wp-json\/wp\/v2\/media?parent=585"}],"curies":[{"name":"wp","href":"https:\/\/api.w.org\/{rel}","templated":true}]}}