{"id":636,"date":"2025-08-26T17:43:04","date_gmt":"2025-08-26T15:43:04","guid":{"rendered":"https:\/\/golfdebethune.fr\/?page_id=636"},"modified":"2025-08-26T17:52:40","modified_gmt":"2025-08-26T15:52:40","slug":"practice","status":"publish","type":"page","link":"https:\/\/golfdebethune.fr\/index.php\/practice\/","title":{"rendered":"Practice"},"content":{"rendered":"\r\n<div class=\"vce-row-container\" data-vce-boxed-width=\"true\">\r\n<div id=\"el-5312716e\" class=\"vce-row vce-row--col-gap-30 vce-row-equal-height vce-row-content--top\" data-vce-do-apply=\"all el-5312716e\">\r\n<div class=\"vce-row-content\" data-vce-element-content=\"true\">\r\n\r\n\r\n<div id=\"el-55280ba6\" class=\"vce-col vce-col--md-auto vce-col--xs-1 vce-col--xs-last vce-col--xs-first vce-col--sm-last vce-col--sm-first vce-col--md-first vce-col--lg-first vce-col--xl-first\">\r\n<div class=\"vce-col-inner\" data-vce-do-apply=\"border margin background el-55280ba6\">\r\n<div class=\"vce-col-content\" data-vce-element-content=\"true\" data-vce-do-apply=\"padding el-55280ba6\">\r\n\r\n\r\n<div class=\"vce-single-image-container vce-single-image--align-left\">\r\n<div id=\"el-af6919de\" class=\"vce vce-single-image-wrapper\" data-vce-do-apply=\"all el-af6919de\">\r\n<figure>\r\n<div class=\"vce-single-image-figure-inner\" style=\"width: 768px;\">\r\n<div class=\"vce-single-image-inner vce-single-image--absolute\" style=\"width: 100%; padding-bottom: 133.333%;\"><img loading=\"lazy\" decoding=\"async\" class=\"vce-single-image\" title=\"Practice\" src=\"https:\/\/golfdebethune.fr\/wp-content\/uploads\/2025\/08\/IMG_3445-768x1024.jpg\" srcset=\"https:\/\/golfdebethune.fr\/wp-content\/uploads\/2025\/08\/IMG_3445-768x1024.jpg 768w, https:\/\/golfdebethune.fr\/wp-content\/uploads\/2025\/08\/IMG_3445-1536x2048.jpg 2x, https:\/\/golfdebethune.fr\/wp-content\/uploads\/2025\/08\/IMG_3445-800x1067.jpg 800w, https:\/\/golfdebethune.fr\/wp-content\/uploads\/2025\/08\/IMG_3445-320x427.jpg 320w, https:\/\/golfdebethune.fr\/wp-content\/uploads\/2025\/08\/IMG_3445-480x640.jpg 480w\" alt=\"practice poste couvert\" width=\"768\" height=\"1024\" data-img-src=\"https:\/\/golfdebethune.fr\/wp-content\/uploads\/2025\/08\/IMG_3445-scaled.jpg\" data-attachment-id=\"642\" \/><\/div>\r\n<\/div>\r\n<figcaption hidden=\"\"><\/figcaption><\/figure>\r\n<\/div>\r\n<\/div>\r\n\r\n\r\n<\/div>\r\n<\/div>\r\n<\/div>\r\n\r\n<div id=\"el-c5126028\" class=\"vce-col vce-col--md-auto vce-col--xs-1 vce-col--xs-last vce-col--xs-first vce-col--sm-last vce-col--sm-first vce-col--md-last vce-col--lg-last vce-col--xl-last\">\r\n<div class=\"vce-col-inner\" data-vce-do-apply=\"border margin background el-c5126028\">\r\n<div class=\"vce-col-content\" data-vce-element-content=\"true\" data-vce-do-apply=\"padding el-c5126028\">\r\n\r\n\r\n<div class=\"vce-text-block\">\r\n<div id=\"el-7e933033\" class=\"vce-text-block-wrapper vce\" data-vce-do-apply=\"all el-7e933033\">\r\n<h2>Le Practice de Golf<\/h2>\r\n<p data-start=\"141\" data-end=\"444\">Notre practice est ouvert \u00e0 toutes et \u00e0 tous, que vous soyez d\u00e9butant curieux de d\u00e9couvrir le golf ou joueur confirm\u00e9 souhaitant perfectionner votre swing. Accessible chaque jour de la semaine, il n\u2019est ferm\u00e9 que le <strong data-start=\"357\" data-end=\"376\">mardi apr\u00e8s 13h<\/strong> afin de permettre le ramassage des balles et l\u2019entretien du site.<\/p>\r\n<p data-start=\"446\" data-end=\"707\">Profitez de nos installations avec un tarif simple et attractif : <strong data-start=\"512\" data-end=\"531\">3,50 \u20ac le jeton<\/strong>, correspondant \u00e0 un seau d\u2019environ <strong data-start=\"567\" data-end=\"580\">40 balles<\/strong>. Pour que chacun puisse s\u2019essayer au golf en toute simplicit\u00e9, nous mettons \u00e9galement \u00e0 disposition du <strong data-start=\"684\" data-end=\"704\">mat\u00e9riel en pr\u00eat<\/strong>.<\/p>\r\n<p data-start=\"709\" data-end=\"810\">Venez taper vos premi\u00e8res balles ou vous entra\u00eener dans une ambiance conviviale et ouverte \u00e0 tous !<\/p>\r\n\r\n<\/div>\r\n<\/div>\r\n\r\n<div class=\"vce-single-image-container vce-single-image--align-left\">\r\n<div id=\"el-cb695b3c\" class=\"vce vce-single-image-wrapper\" data-vce-do-apply=\"all el-cb695b3c\">\r\n<figure>\r\n<div class=\"vce-single-image-figure-inner\" style=\"width: 1024px;\">\r\n<div class=\"vce-single-image-inner vce-single-image--absolute\" style=\"width: 100%; padding-bottom: 75%;\"><img loading=\"lazy\" decoding=\"async\" class=\"vce-single-image\" title=\"Practice golf\" src=\"https:\/\/golfdebethune.fr\/wp-content\/uploads\/2025\/08\/IMG_3443-1024x768.jpg\" srcset=\"https:\/\/golfdebethune.fr\/wp-content\/uploads\/2025\/08\/IMG_3443-1024x768.jpg 1024w, https:\/\/golfdebethune.fr\/wp-content\/uploads\/2025\/08\/IMG_3443-2048x1536.jpg 2x, https:\/\/golfdebethune.fr\/wp-content\/uploads\/2025\/08\/IMG_3443-800x600.jpg 800w, https:\/\/golfdebethune.fr\/wp-content\/uploads\/2025\/08\/IMG_3443-320x240.jpg 320w, https:\/\/golfdebethune.fr\/wp-content\/uploads\/2025\/08\/IMG_3443-480x360.jpg 480w\" alt=\"practice de golf\" width=\"1024\" height=\"768\" data-img-src=\"https:\/\/golfdebethune.fr\/wp-content\/uploads\/2025\/08\/IMG_3443-scaled.jpg\" data-attachment-id=\"639\" \/><\/div>\r\n<\/div>\r\n<figcaption hidden=\"\"><\/figcaption><\/figure>\r\n<\/div>\r\n<\/div>\r\n\r\n\r\n<\/div>\r\n<\/div>\r\n<\/div>\r\n\r\n\r\n<\/div>\r\n<\/div>\r\n<\/div>\r\n\r\n<div class=\"vce-row-container\" data-vce-boxed-width=\"true\">\r\n<div id=\"el-3796d40d\" class=\"vce-row vce-row--col-gap-30 vce-row-equal-height vce-row-content--top\" data-vce-do-apply=\"all el-3796d40d\">\r\n<div class=\"vce-row-content\" data-vce-element-content=\"true\">\r\n\r\n\r\n<div id=\"el-cfc12b61\" class=\"vce-col vce-col--md-50p vce-col--xs-1 vce-col--xs-last vce-col--xs-first vce-col--sm-last vce-col--sm-first vce-col--md-first vce-col--lg-first vce-col--xl-first\">\r\n<div class=\"vce-col-inner\" data-vce-do-apply=\"border margin background el-cfc12b61\">\r\n<div class=\"vce-col-content\" data-vce-element-content=\"true\" data-vce-do-apply=\"padding el-cfc12b61\">\r\n\r\n\r\n<div class=\"vce-text-block\">\r\n<div id=\"el-bbf38fd3\" class=\"vce-text-block-wrapper vce\" data-vce-do-apply=\"all el-bbf38fd3\">\r\n<h2 style=\"text-align: center;\">Horaires<\/h2>\r\n<p style=\"text-align: center;\">Le practice est ouvert :<\/p>\r\n<p style=\"text-align: center;\">saison estivale de 8h30 \u00e0 18h30 (fermeture 15 min avant)<\/p>\r\n<p style=\"text-align: center;\">saison hivernale de 9h \u00e0 17h (fermeture 15 min avant)<\/p>\r\n<p style=\"text-align: center;\"><\/p>\r\n<p style=\"text-align: center;\"><span style=\"font-size: 14pt;\"><strong>Fermeture le mardi apr\u00e8s-midi \u00e0 partir de 13h<\/strong><\/span><\/p>\r\n\r\n<\/div>\r\n<\/div>\r\n\r\n\r\n<\/div>\r\n<\/div>\r\n<\/div>\r\n\r\n<div id=\"el-6f91d32f\" class=\"vce-col vce-col--md-50p vce-col--xs-1 vce-col--xs-last vce-col--xs-first vce-col--sm-last vce-col--sm-first vce-col--md-last vce-col--lg-last vce-col--xl-last\">\r\n<div class=\"vce-col-inner\" data-vce-do-apply=\"border margin background el-6f91d32f\">\r\n<div class=\"vce-col-content\" data-vce-element-content=\"true\" data-vce-do-apply=\"padding el-6f91d32f\">\r\n\r\n\r\n<div class=\"vce-single-image-container vce-single-image--align-left\">\r\n<div id=\"el-2613c1c8\" class=\"vce vce-single-image-wrapper\" data-vce-do-apply=\"all el-2613c1c8\">\r\n<figure>\r\n<div class=\"vce-single-image-figure-inner\" style=\"width: 768px;\">\r\n<div class=\"vce-single-image-inner vce-single-image--absolute\" style=\"width: 100%; padding-bottom: 133.333%;\"><img loading=\"lazy\" decoding=\"async\" class=\"vce-single-image\" title=\"Practice\" src=\"https:\/\/golfdebethune.fr\/wp-content\/uploads\/2025\/08\/IMG_3444-768x1024.jpg\" srcset=\"https:\/\/golfdebethune.fr\/wp-content\/uploads\/2025\/08\/IMG_3444-768x1024.jpg 768w, https:\/\/golfdebethune.fr\/wp-content\/uploads\/2025\/08\/IMG_3444-1536x2048.jpg 2x, https:\/\/golfdebethune.fr\/wp-content\/uploads\/2025\/08\/IMG_3444-800x1067.jpg 800w, https:\/\/golfdebethune.fr\/wp-content\/uploads\/2025\/08\/IMG_3444-320x427.jpg 320w, https:\/\/golfdebethune.fr\/wp-content\/uploads\/2025\/08\/IMG_3444-480x640.jpg 480w\" alt=\"\" width=\"768\" height=\"1024\" data-img-src=\"https:\/\/golfdebethune.fr\/wp-content\/uploads\/2025\/08\/IMG_3444-scaled.jpg\" data-attachment-id=\"641\" \/><\/div>\r\n<\/div>\r\n<figcaption hidden=\"\"><\/figcaption><\/figure>\r\n<\/div>\r\n<\/div>\r\n\r\n\r\n<\/div>\r\n<\/div>\r\n<\/div>\r\n\r\n\r\n<\/div>\r\n<\/div>\r\n<\/div>\r\n\n","protected":false},"excerpt":{"rendered":"<p>Le Practice de Golf Notre practice est ouvert \u00e0 toutes et \u00e0 tous, que vous soyez d\u00e9butant curieux de d\u00e9couvrir le golf ou joueur confirm\u00e9 souhaitant perfectionner votre swing. Accessible chaque jour de la semaine, il n\u2019est ferm\u00e9 que le mardi apr\u00e8s 13h afin de permettre le ramassage des balles et l\u2019entretien du site. Profitez [&hellip;]<\/p>\n","protected":false},"author":1,"featured_media":0,"parent":0,"menu_order":0,"comment_status":"closed","ping_status":"closed","template":"","meta":{"ocean_post_layout":"","ocean_both_sidebars_style":"","ocean_both_sidebars_content_width":0,"ocean_both_sidebars_sidebars_width":0,"ocean_sidebar":"","ocean_second_sidebar":"","ocean_disable_margins":"enable","ocean_add_body_class":"","ocean_shortcode_before_top_bar":"","ocean_shortcode_after_top_bar":"","ocean_shortcode_before_header":"","ocean_shortcode_after_header":"","ocean_has_shortcode":"","ocean_shortcode_after_title":"","ocean_shortcode_before_footer_widgets":"","ocean_shortcode_after_footer_widgets":"","ocean_shortcode_before_footer_bottom":"","ocean_shortcode_after_footer_bottom":"","ocean_display_top_bar":"default","ocean_display_header":"default","ocean_header_style":"","ocean_center_header_left_menu":"","ocean_custom_header_template":"","ocean_custom_logo":0,"ocean_custom_retina_logo":0,"ocean_custom_logo_max_width":0,"ocean_custom_logo_tablet_max_width":0,"ocean_custom_logo_mobile_max_width":0,"ocean_custom_logo_max_height":0,"ocean_custom_logo_tablet_max_height":0,"ocean_custom_logo_mobile_max_height":0,"ocean_header_custom_menu":"","ocean_menu_typo_font_family":"","ocean_menu_typo_font_subset":"","ocean_menu_typo_font_size":0,"ocean_menu_typo_font_size_tablet":0,"ocean_menu_typo_font_size_mobile":0,"ocean_menu_typo_font_size_unit":"px","ocean_menu_typo_font_weight":"","ocean_menu_typo_font_weight_tablet":"","ocean_menu_typo_font_weight_mobile":"","ocean_menu_typo_transform":"","ocean_menu_typo_transform_tablet":"","ocean_menu_typo_transform_mobile":"","ocean_menu_typo_line_height":0,"ocean_menu_typo_line_height_tablet":0,"ocean_menu_typo_line_height_mobile":0,"ocean_menu_typo_line_height_unit":"","ocean_menu_typo_spacing":0,"ocean_menu_typo_spacing_tablet":0,"ocean_menu_typo_spacing_mobile":0,"ocean_menu_typo_spacing_unit":"","ocean_menu_link_color":"","ocean_menu_link_color_hover":"","ocean_menu_link_color_active":"","ocean_menu_link_background":"","ocean_menu_link_hover_background":"","ocean_menu_link_active_background":"","ocean_menu_social_links_bg":"","ocean_menu_social_hover_links_bg":"","ocean_menu_social_links_color":"","ocean_menu_social_hover_links_color":"","ocean_disable_title":"default","ocean_disable_heading":"default","ocean_post_title":"","ocean_post_subheading":"","ocean_post_title_style":"","ocean_post_title_background_color":"","ocean_post_title_background":0,"ocean_post_title_bg_image_position":"","ocean_post_title_bg_image_attachment":"","ocean_post_title_bg_image_repeat":"","ocean_post_title_bg_image_size":"","ocean_post_title_height":0,"ocean_post_title_bg_overlay":0.5,"ocean_post_title_bg_overlay_color":"","ocean_disable_breadcrumbs":"default","ocean_breadcrumbs_color":"","ocean_breadcrumbs_separator_color":"","ocean_breadcrumbs_links_color":"","ocean_breadcrumbs_links_hover_color":"","ocean_display_footer_widgets":"default","ocean_display_footer_bottom":"default","ocean_custom_footer_template":"","footnotes":""},"class_list":["post-636","page","type-page","status-publish","hentry","entry"],"_links":{"self":[{"href":"https:\/\/golfdebethune.fr\/index.php\/wp-json\/wp\/v2\/pages\/636","targetHints":{"allow":["GET"]}}],"collection":[{"href":"https:\/\/golfdebethune.fr\/index.php\/wp-json\/wp\/v2\/pages"}],"about":[{"href":"https:\/\/golfdebethune.fr\/index.php\/wp-json\/wp\/v2\/types\/page"}],"author":[{"embeddable":true,"href":"https:\/\/golfdebethune.fr\/index.php\/wp-json\/wp\/v2\/users\/1"}],"replies":[{"embeddable":true,"href":"https:\/\/golfdebethune.fr\/index.php\/wp-json\/wp\/v2\/comments?post=636"}],"version-history":[{"count":3,"href":"https:\/\/golfdebethune.fr\/index.php\/wp-json\/wp\/v2\/pages\/636\/revisions"}],"predecessor-version":[{"id":645,"href":"https:\/\/golfdebethune.fr\/index.php\/wp-json\/wp\/v2\/pages\/636\/revisions\/645"}],"wp:attachment":[{"href":"https:\/\/golfdebethune.fr\/index.php\/wp-json\/wp\/v2\/media?parent=636"}],"curies":[{"name":"wp","href":"https:\/\/api.w.org\/{rel}","templated":true}]}}