{"id":860,"date":"2026-03-10T14:18:43","date_gmt":"2026-03-10T13:18:43","guid":{"rendered":"https:\/\/golfdebethune.fr\/?page_id=860"},"modified":"2026-03-17T11:36:25","modified_gmt":"2026-03-17T10:36:25","slug":"calendrier-2026","status":"publish","type":"page","link":"https:\/\/golfdebethune.fr\/index.php\/calendrier-2026\/","title":{"rendered":"Calendrier 2026"},"content":{"rendered":"<div class=\"vce-row-container\" data-vce-boxed-width=\"true\"><div class=\"vce-row vce-row--col-gap-30 vce-row-equal-height vce-row-content--top\" id=\"el-d068f4d9\" data-vce-do-apply=\"all el-d068f4d9\"><div class=\"vce-row-content\" data-vce-element-content=\"true\"><div class=\"vce-col vce-col--md-auto vce-col--xs-1 vce-col--xs-last vce-col--xs-first vce-col--sm-last vce-col--sm-first vce-col--md-last vce-col--lg-last vce-col--xl-last vce-col--md-first vce-col--lg-first vce-col--xl-first\" id=\"el-8377c98b\"><div class=\"vce-col-inner\" data-vce-do-apply=\"border margin background  el-8377c98b\"><div class=\"vce-col-content\" data-vce-element-content=\"true\" data-vce-do-apply=\"padding el-8377c98b\"><div class=\"vce-text-block\"><div class=\"vce-text-block-wrapper vce\" id=\"el-db3fd89a\" data-vce-do-apply=\"all el-db3fd89a\"><h2>Comp\u00e9titions<\/h2><p>Les inscriptions aux comp\u00e9titions se font au club-house, par mail, t\u00e9l\u00e9phone ou sur le formulaire d\u00e9di\u00e9.<\/p><p>Les d\u00e9parts sont en g\u00e9n\u00e9ral publi\u00e9s le jeudi ou vendredi apr\u00e8s-midi pr\u00e9c\u00e9dent la rencontre du week-end.<\/p><p>Vous retrouverez \u00e9galement les r\u00e9sultats.<\/p><\/div><\/div><div class=\"vce-single-image-container vce-single-image--align-center\"><div class=\"vce vce-single-image-wrapper\" id=\"el-d926f6aa\" data-vce-do-apply=\"all el-d926f6aa\"><figure><div class=\"vce-single-image-figure-inner\" style=\"width: 724px;\"><div class=\"vce-single-image-inner vce-single-image--absolute\" style=\"width: 100%; padding-bottom: 141.436%;\"><img loading=\"lazy\" decoding=\"async\" class=\"vce-single-image\"  width=\"724\" height=\"1024\" srcset=\"https:\/\/golfdebethune.fr\/wp-content\/uploads\/2026\/03\/Golf-de-Bethune-Calendrier-2026-724x1024.jpg 724w, https:\/\/golfdebethune.fr\/wp-content\/uploads\/2026\/03\/Golf-de-Bethune-Calendrier-2026-800x1131.jpg 800w, https:\/\/golfdebethune.fr\/wp-content\/uploads\/2026\/03\/Golf-de-Bethune-Calendrier-2026-320x452.jpg 320w, https:\/\/golfdebethune.fr\/wp-content\/uploads\/2026\/03\/Golf-de-Bethune-Calendrier-2026-480x679.jpg 480w, https:\/\/golfdebethune.fr\/wp-content\/uploads\/2026\/03\/Golf-de-Bethune-Calendrier-2026-scaled-1448x2048.jpg 2x\" src=\"https:\/\/golfdebethune.fr\/wp-content\/uploads\/2026\/03\/Golf-de-Bethune-Calendrier-2026-724x1024.jpg\" data-img-src=\"https:\/\/golfdebethune.fr\/wp-content\/uploads\/2026\/03\/Golf-de-Bethune-Calendrier-2026-scaled.jpg\" data-attachment-id=\"866\"  alt=\"\" title=\"Golf de B\u00e9thune Calendrier 2026\" \/><\/div><\/div><figcaption hidden=\"\"><\/figcaption><\/figure><\/div><\/div><div class=\"vce-row-container\" data-vce-boxed-width=\"true\"><div class=\"vce-row vce-row--col-gap-30 vce-row-equal-height vce-row-content--top\" id=\"el-e2c98741\" data-vce-do-apply=\"all el-e2c98741\"><div class=\"vce-content-background-container\"><\/div><div class=\"vce-row-content\" data-vce-element-content=\"true\"><div class=\"vce-col vce-col--md-auto vce-col--xs-1 vce-col--xs-last vce-col--xs-first vce-col--sm-last vce-col--sm-first vce-col--md-first vce-col--lg-first vce-col--xl-first\" id=\"el-ad87a441\"><div class=\"vce-col-inner\" data-vce-do-apply=\"border margin background  el-ad87a441\"><div class=\"vce-col-content\" data-vce-element-content=\"true\" data-vce-do-apply=\"padding el-ad87a441\"><div class=\"vce-single-image-container vce-single-image--align-left\"><div class=\"vce vce-single-image-wrapper\" id=\"el-4432f94c\" data-vce-do-apply=\"all el-4432f94c\"><figure><div class=\"vce-single-image-figure-inner\" style=\"width: 723px;\"><div class=\"vce-single-image-inner vce-single-image--absolute\" style=\"width: 100%; padding-bottom: 141.632%;\"><img loading=\"lazy\" decoding=\"async\" class=\"vce-single-image\"  width=\"723\" height=\"1024\" srcset=\"https:\/\/golfdebethune.fr\/wp-content\/uploads\/2026\/02\/Calendrier-mars-a-avril-800x1132.png 800w, https:\/\/golfdebethune.fr\/wp-content\/uploads\/2026\/02\/Calendrier-mars-a-avril-320x453.png 320w, https:\/\/golfdebethune.fr\/wp-content\/uploads\/2026\/02\/Calendrier-mars-a-avril-480x679.png 480w, https:\/\/golfdebethune.fr\/wp-content\/uploads\/2026\/03\/Calendrier-mars-a-avril-723x1024.png 723w\" src=\"https:\/\/golfdebethune.fr\/wp-content\/uploads\/2026\/03\/Calendrier-mars-a-avril-723x1024.png\" data-img-src=\"https:\/\/golfdebethune.fr\/wp-content\/uploads\/2026\/02\/Calendrier-mars-a-avril.png\" data-attachment-id=\"818\"  alt=\"\" title=\"Calendrier mars \u00e0 avril\" \/><\/div><\/div><figcaption hidden=\"\"><\/figcaption><\/figure><\/div><\/div><\/div><\/div><\/div><div class=\"vce-col vce-col--md-auto vce-col--xs-1 vce-col--xs-last vce-col--xs-first vce-col--sm-last vce-col--sm-first\" id=\"el-d956a83e\"><div class=\"vce-col-inner\" data-vce-do-apply=\"border margin background  el-d956a83e\"><div class=\"vce-col-content\" data-vce-element-content=\"true\" data-vce-do-apply=\"padding el-d956a83e\"><div class=\"vce-single-image-container vce-single-image--align-left\"><div class=\"vce vce-single-image-wrapper\" id=\"el-fad2d307\" data-vce-do-apply=\"all el-fad2d307\"><figure><div class=\"vce-single-image-figure-inner\" style=\"width: 723px;\"><div class=\"vce-single-image-inner vce-single-image--absolute\" style=\"width: 100%; padding-bottom: 141.632%;\"><img loading=\"lazy\" decoding=\"async\" class=\"vce-single-image\"  width=\"723\" height=\"1024\" srcset=\"https:\/\/golfdebethune.fr\/wp-content\/uploads\/2026\/02\/Calendrier-04-05-800x1132.png 800w, https:\/\/golfdebethune.fr\/wp-content\/uploads\/2026\/02\/Calendrier-04-05-320x453.png 320w, https:\/\/golfdebethune.fr\/wp-content\/uploads\/2026\/02\/Calendrier-04-05-480x679.png 480w, https:\/\/golfdebethune.fr\/wp-content\/uploads\/2026\/03\/Calendrier-04-05-723x1024.png 723w\" src=\"https:\/\/golfdebethune.fr\/wp-content\/uploads\/2026\/03\/Calendrier-04-05-723x1024.png\" data-img-src=\"https:\/\/golfdebethune.fr\/wp-content\/uploads\/2026\/02\/Calendrier-04-05.png\" data-attachment-id=\"821\"  alt=\"\" title=\"Calendrier 04 05\" \/><\/div><\/div><figcaption hidden=\"\"><\/figcaption><\/figure><\/div><\/div><\/div><\/div><\/div><div class=\"vce-col vce-col--md-auto vce-col--xs-1 vce-col--xs-last vce-col--xs-first vce-col--sm-last vce-col--sm-first vce-col--md-last vce-col--lg-last vce-col--xl-last\" id=\"el-2a3e58cb\"><div class=\"vce-col-inner\" data-vce-do-apply=\"border margin background  el-2a3e58cb\"><div class=\"vce-col-content\" data-vce-element-content=\"true\" data-vce-do-apply=\"padding el-2a3e58cb\"><div class=\"vce-single-image-container vce-single-image--align-left\"><div class=\"vce vce-single-image-wrapper\" id=\"el-45ba84d9\" data-vce-do-apply=\"all el-45ba84d9\"><figure><div class=\"vce-single-image-figure-inner\" style=\"width: 723px;\"><div class=\"vce-single-image-inner vce-single-image--absolute\" style=\"width: 100%; padding-bottom: 141.632%;\"><img loading=\"lazy\" decoding=\"async\" class=\"vce-single-image\"  width=\"723\" height=\"1024\" srcset=\"https:\/\/golfdebethune.fr\/wp-content\/uploads\/2026\/02\/Calendrier-mai-a-juin-800x1132.png 800w, https:\/\/golfdebethune.fr\/wp-content\/uploads\/2026\/02\/Calendrier-mai-a-juin-320x453.png 320w, https:\/\/golfdebethune.fr\/wp-content\/uploads\/2026\/02\/Calendrier-mai-a-juin-480x679.png 480w, https:\/\/golfdebethune.fr\/wp-content\/uploads\/2026\/03\/Calendrier-mai-a-juin-723x1024.png 723w\" src=\"https:\/\/golfdebethune.fr\/wp-content\/uploads\/2026\/03\/Calendrier-mai-a-juin-723x1024.png\" data-img-src=\"https:\/\/golfdebethune.fr\/wp-content\/uploads\/2026\/02\/Calendrier-mai-a-juin.png\" data-attachment-id=\"817\"  alt=\"\" title=\"Calendrier mai \u00e0 juin\" \/><\/div><\/div><figcaption hidden=\"\"><\/figcaption><\/figure><\/div><\/div><\/div><\/div><\/div><\/div><\/div><\/div><\/div><\/div><\/div><\/div><\/div><\/div><div class=\"vce-row-container\" data-vce-boxed-width=\"true\"><div class=\"vce-row vce-row--col-gap-30 vce-row-equal-height vce-row-content--top\" id=\"el-63b7c55b\" data-vce-do-apply=\"all el-63b7c55b\"><div class=\"vce-content-background-container\"><\/div><div class=\"vce-row-content\" data-vce-element-content=\"true\"><div class=\"vce-col vce-col--md-auto vce-col--xs-1 vce-col--xs-last vce-col--xs-first vce-col--sm-last vce-col--sm-first vce-col--md-first vce-col--lg-first vce-col--xl-first\" id=\"el-670ea6c2\"><div class=\"vce-col-inner\" data-vce-do-apply=\"border margin background  el-670ea6c2\"><div class=\"vce-col-content\" data-vce-element-content=\"true\" data-vce-do-apply=\"padding el-670ea6c2\"><div class=\"vcv-row-control-wrapper\"><\/div><\/div><\/div><\/div><div class=\"vce-col vce-col--md-auto vce-col--xs-1 vce-col--xs-last vce-col--xs-first vce-col--sm-last vce-col--sm-first\" id=\"el-e8b65e41\"><div class=\"vce-col-inner\" data-vce-do-apply=\"border margin background  el-e8b65e41\"><div class=\"vce-col-content\" data-vce-element-content=\"true\" data-vce-do-apply=\"padding el-e8b65e41\"><div class=\"vcv-row-control-wrapper\"><\/div><\/div><\/div><\/div><div class=\"vce-col vce-col--md-auto vce-col--xs-1 vce-col--xs-last vce-col--xs-first vce-col--sm-last vce-col--sm-first vce-col--md-last vce-col--lg-last vce-col--xl-last\" id=\"el-531abb2b\"><div class=\"vce-col-inner\" data-vce-do-apply=\"border margin background  el-531abb2b\"><div class=\"vce-col-content\" data-vce-element-content=\"true\" data-vce-do-apply=\"padding el-531abb2b\"><div class=\"vcv-row-control-wrapper\"><\/div><\/div><\/div><\/div><\/div><\/div><\/div><div class=\"vce-row-container\" data-vce-boxed-width=\"true\"><div class=\"vce-row vce-row--col-gap-30 vce-row-equal-height vce-row-content--top\" id=\"el-ea225e07\" data-vce-do-apply=\"all el-ea225e07\"><div class=\"vce-row-content\" data-vce-element-content=\"true\"><div class=\"vce-col vce-col--md-auto vce-col--xs-1 vce-col--xs-last vce-col--xs-first vce-col--sm-last vce-col--sm-first vce-col--md-first vce-col--lg-first vce-col--xl-first\" id=\"el-e1519eea\"><div class=\"vce-col-inner\" data-vce-do-apply=\"border margin background  el-e1519eea\"><div class=\"vce-col-content\" data-vce-element-content=\"true\" data-vce-do-apply=\"padding el-e1519eea\"><div class=\"vcv-row-control-wrapper\"><\/div><\/div><\/div><\/div><div class=\"vce-col vce-col--md-auto vce-col--xs-1 vce-col--xs-last vce-col--xs-first vce-col--sm-last vce-col--sm-first\" id=\"el-5979e2a5\"><div class=\"vce-col-inner\" data-vce-do-apply=\"border margin background  el-5979e2a5\"><div class=\"vce-col-content\" data-vce-element-content=\"true\" data-vce-do-apply=\"padding el-5979e2a5\"><div class=\"vcv-row-control-wrapper\"><\/div><\/div><\/div><\/div><div class=\"vce-col vce-col--md-auto vce-col--xs-1 vce-col--xs-last vce-col--xs-first vce-col--sm-last vce-col--sm-first vce-col--md-last vce-col--lg-last vce-col--xl-last\" id=\"el-8d0a539d\"><div class=\"vce-col-inner\" data-vce-do-apply=\"border margin background  el-8d0a539d\"><div class=\"vce-col-content\" data-vce-element-content=\"true\" data-vce-do-apply=\"padding el-8d0a539d\"><div class=\"vcv-row-control-wrapper\"><\/div><\/div><\/div><\/div><\/div><\/div><\/div>","protected":false},"excerpt":{"rendered":"<p>Comp\u00e9titionsLes inscriptions aux comp\u00e9titions se font au club-house, par mail, t\u00e9l\u00e9phone ou sur le formulaire d\u00e9di\u00e9.Les d\u00e9parts sont en g\u00e9n\u00e9ral publi\u00e9s le jeudi ou vendredi apr\u00e8s-midi pr\u00e9c\u00e9dent la rencontre du week-end.Vous retrouverez \u00e9galement les r\u00e9sultats.<\/p>\n","protected":false},"author":1,"featured_media":0,"parent":0,"menu_order":0,"comment_status":"closed","ping_status":"closed","template":"","meta":{"ocean_post_layout":"","ocean_both_sidebars_style":"","ocean_both_sidebars_content_width":0,"ocean_both_sidebars_sidebars_width":0,"ocean_sidebar":"","ocean_second_sidebar":"","ocean_disable_margins":"enable","ocean_add_body_class":"","ocean_shortcode_before_top_bar":"","ocean_shortcode_after_top_bar":"","ocean_shortcode_before_header":"","ocean_shortcode_after_header":"","ocean_has_shortcode":"","ocean_shortcode_after_title":"","ocean_shortcode_before_footer_widgets":"","ocean_shortcode_after_footer_widgets":"","ocean_shortcode_before_footer_bottom":"","ocean_shortcode_after_footer_bottom":"","ocean_display_top_bar":"default","ocean_display_header":"default","ocean_header_style":"","ocean_center_header_left_menu":"","ocean_custom_header_template":"","ocean_custom_logo":0,"ocean_custom_retina_logo":0,"ocean_custom_logo_max_width":0,"ocean_custom_logo_tablet_max_width":0,"ocean_custom_logo_mobile_max_width":0,"ocean_custom_logo_max_height":0,"ocean_custom_logo_tablet_max_height":0,"ocean_custom_logo_mobile_max_height":0,"ocean_header_custom_menu":"","ocean_menu_typo_font_family":"","ocean_menu_typo_font_subset":"","ocean_menu_typo_font_size":0,"ocean_menu_typo_font_size_tablet":0,"ocean_menu_typo_font_size_mobile":0,"ocean_menu_typo_font_size_unit":"px","ocean_menu_typo_font_weight":"","ocean_menu_typo_font_weight_tablet":"","ocean_menu_typo_font_weight_mobile":"","ocean_menu_typo_transform":"","ocean_menu_typo_transform_tablet":"","ocean_menu_typo_transform_mobile":"","ocean_menu_typo_line_height":0,"ocean_menu_typo_line_height_tablet":0,"ocean_menu_typo_line_height_mobile":0,"ocean_menu_typo_line_height_unit":"","ocean_menu_typo_spacing":0,"ocean_menu_typo_spacing_tablet":0,"ocean_menu_typo_spacing_mobile":0,"ocean_menu_typo_spacing_unit":"","ocean_menu_link_color":"","ocean_menu_link_color_hover":"","ocean_menu_link_color_active":"","ocean_menu_link_background":"","ocean_menu_link_hover_background":"","ocean_menu_link_active_background":"","ocean_menu_social_links_bg":"","ocean_menu_social_hover_links_bg":"","ocean_menu_social_links_color":"","ocean_menu_social_hover_links_color":"","ocean_disable_title":"default","ocean_disable_heading":"default","ocean_post_title":"","ocean_post_subheading":"","ocean_post_title_style":"","ocean_post_title_background_color":"","ocean_post_title_background":0,"ocean_post_title_bg_image_position":"","ocean_post_title_bg_image_attachment":"","ocean_post_title_bg_image_repeat":"","ocean_post_title_bg_image_size":"","ocean_post_title_height":0,"ocean_post_title_bg_overlay":0.5,"ocean_post_title_bg_overlay_color":"","ocean_disable_breadcrumbs":"default","ocean_breadcrumbs_color":"","ocean_breadcrumbs_separator_color":"","ocean_breadcrumbs_links_color":"","ocean_breadcrumbs_links_hover_color":"","ocean_display_footer_widgets":"default","ocean_display_footer_bottom":"default","ocean_custom_footer_template":"","footnotes":""},"class_list":["post-860","page","type-page","status-publish","hentry","entry"],"_links":{"self":[{"href":"https:\/\/golfdebethune.fr\/index.php\/wp-json\/wp\/v2\/pages\/860","targetHints":{"allow":["GET"]}}],"collection":[{"href":"https:\/\/golfdebethune.fr\/index.php\/wp-json\/wp\/v2\/pages"}],"about":[{"href":"https:\/\/golfdebethune.fr\/index.php\/wp-json\/wp\/v2\/types\/page"}],"author":[{"embeddable":true,"href":"https:\/\/golfdebethune.fr\/index.php\/wp-json\/wp\/v2\/users\/1"}],"replies":[{"embeddable":true,"href":"https:\/\/golfdebethune.fr\/index.php\/wp-json\/wp\/v2\/comments?post=860"}],"version-history":[{"count":8,"href":"https:\/\/golfdebethune.fr\/index.php\/wp-json\/wp\/v2\/pages\/860\/revisions"}],"predecessor-version":[{"id":890,"href":"https:\/\/golfdebethune.fr\/index.php\/wp-json\/wp\/v2\/pages\/860\/revisions\/890"}],"wp:attachment":[{"href":"https:\/\/golfdebethune.fr\/index.php\/wp-json\/wp\/v2\/media?parent=860"}],"curies":[{"name":"wp","href":"https:\/\/api.w.org\/{rel}","templated":true}]}}